{"id":945,"date":"2021-05-31T14:22:47","date_gmt":"2021-05-31T12:22:47","guid":{"rendered":"https:\/\/mustiguillocoorporat2939.live-website.com\/visit-our-winery\/"},"modified":"2024-04-03T16:01:18","modified_gmt":"2024-04-03T14:01:18","slug":"enoturismo-2","status":"publish","type":"page","link":"https:\/\/bodegamustiguillo.com\/en\/enoturismo-2\/","title":{"rendered":"ENOTURISMO"},"content":{"rendered":"\n<style type=\"text\/css\" data-created_by=\"avia_inline_auto\" id=\"style-css-av-k3ej048o-07c2deec032d5052f9cb3b18934e2933\">\n.avia-section.av-k3ej048o-07c2deec032d5052f9cb3b18934e2933 .av-parallax .av-parallax-inner{\nbackground-repeat:no-repeat;\nbackground-image:url(https:\/\/bodegamustiguillo.com\/wp-content\/uploads\/2021\/10\/36A0252-2.jpg);\nbackground-position:50% 100%;\nbackground-attachment:scroll;\n}\n.avia-section.av-k3ej048o-07c2deec032d5052f9cb3b18934e2933 .av-section-color-overlay{\nopacity:0.4;\nbackground-color:#0a0a0a;\n}\n#top .avia-section.av-k3ej048o-07c2deec032d5052f9cb3b18934e2933 .scroll-down-link{\ncolor:#f9f9f9;\n}\n#top .avia-section.av-k3ej048o-07c2deec032d5052f9cb3b18934e2933 .scroll-down-link.avia-svg-icon svg:first-child{\nstroke:#f9f9f9;\nfill:#f9f9f9;\n}\n<\/style>\n<div id='av_section_1'  class='avia-section av-k3ej048o-07c2deec032d5052f9cb3b18934e2933 main_color avia-section-default avia-no-border-styling  avia-builder-el-0  el_before_av_layout_row  avia-builder-el-first  avia-full-stretch av-parallax-section avia-bg-style-parallax av-section-color-overlay-active av-minimum-height av-minimum-height-50 av-height-50  container_wrap sidebar_right'  data-section-bg-repeat='stretch' data-av_minimum_height_pc='50' data-av_min_height_opt='50'><div class='av-parallax' data-avia-parallax-ratio='0.3' ><div class='av-parallax-inner main_color avia-full-stretch'><\/div><\/div><div class=\"av-section-color-overlay-wrap\"><div class=\"av-section-color-overlay\"><\/div><a href='#next-section' title='' class='scroll-down-link av-custom-scroll-down-color avia-svg-icon avia-font-svg_entypo-fontello' data-av_svg_icon='down-open-mini' data-av_iconset='svg_entypo-fontello'><svg version=\"1.1\" xmlns=\"http:\/\/www.w3.org\/2000\/svg\" width=\"15\" height=\"32\" viewBox=\"0 0 15 32\" preserveAspectRatio=\"xMidYMid meet\" aria-labelledby='av-svg-title-1' aria-describedby='av-svg-desc-1' role=\"graphics-symbol\" aria-hidden=\"true\">\n<title id='av-svg-title-1'>Scroll to next section<\/title>\n<desc id='av-svg-desc-1'>Scroll to next section<\/desc>\n<path d=\"M12.96 12.16q0.704-0.832 1.536 0 0.832 0.704 0 1.536l-6.272 6.144q-0.704 0.704-1.536 0l-6.272-6.144q-0.832-0.832 0-1.536 0.768-0.768 1.6 0l5.44 4.992z\"><\/path>\n<\/svg><\/a><div class='container av-section-cont-open' ><main  role=\"main\" itemprop=\"mainContentOfPage\"  class='template-page content  av-content-small alpha units'><div class='post-entry post-entry-type-page post-entry-945'><div class='entry-content-wrapper clearfix'>\n\n<style type=\"text\/css\" data-created_by=\"avia_inline_auto\" id=\"style-css-av-24ber4-3486e233462b6f079153d7997e1541b5\">\n.flex_column.av-24ber4-3486e233462b6f079153d7997e1541b5{\nborder-radius:0px 0px 0px 0px;\npadding:0px 0px 0px 0px;\n}\n<\/style>\n<div  class='flex_column av-24ber4-3486e233462b6f079153d7997e1541b5 av_one_fifth  avia-builder-el-1  el_before_av_three_fifth  avia-builder-el-first  first flex_column_div av-zero-column-padding  '     ><\/div>\n<style type=\"text\/css\" data-created_by=\"avia_inline_auto\" id=\"style-css-av-1zbe1k-aa33496eb32d56ad6b9e91f18f116455\">\n.flex_column.av-1zbe1k-aa33496eb32d56ad6b9e91f18f116455{\nborder-radius:0px 0px 0px 0px;\npadding:0px 0px 0px 0px;\n}\n<\/style>\n<div  class='flex_column av-1zbe1k-aa33496eb32d56ad6b9e91f18f116455 av_three_fifth  avia-builder-el-2  el_after_av_one_fifth  el_before_av_one_fifth  flex_column_div av-zero-column-padding  '     ><p>\n<style type=\"text\/css\" data-created_by=\"avia_inline_auto\" id=\"style-css-av-krlp37ua-6fb46fa3fdbaa4a96b36c06a3cff78ed\">\n#top .av-special-heading.av-krlp37ua-6fb46fa3fdbaa4a96b36c06a3cff78ed{\npadding-bottom:10px;\ncolor:#ffffff;\n}\nbody .av-special-heading.av-krlp37ua-6fb46fa3fdbaa4a96b36c06a3cff78ed .av-special-heading-tag .heading-char{\nfont-size:25px;\n}\n.av-special-heading.av-krlp37ua-6fb46fa3fdbaa4a96b36c06a3cff78ed .special-heading-inner-border{\nborder-color:#ffffff;\n}\n.av-special-heading.av-krlp37ua-6fb46fa3fdbaa4a96b36c06a3cff78ed .av-subheading{\nfont-size:15px;\n}\n<\/style>\n<div  class='av-special-heading av-krlp37ua-6fb46fa3fdbaa4a96b36c06a3cff78ed av-special-heading-h1 custom-color-heading blockquote modern-quote modern-centered  avia-builder-el-3  el_before_av_hr  avia-builder-el-first '><h1 class='av-special-heading-tag '  itemprop=\"headline\"  >ENOTURISMO<\/h1><div class='av_custom_color av-subheading av-subheading_below'><p>Reserva tu experiencia. Descubre nuestros vi\u00f1edos con alma y muy nuestros.<\/p>\n<\/div><div class=\"special-heading-border\"><div class=\"special-heading-inner-border\"><\/div><\/div><\/div><br \/>\n\n<style type=\"text\/css\" data-created_by=\"avia_inline_auto\" id=\"style-css-av-fio00-74cb27d800996eb1d7f404e9442d6958\">\n#top .hr.av-fio00-74cb27d800996eb1d7f404e9442d6958{\nmargin-top:10px;\nmargin-bottom:20px;\n}\n.hr.av-fio00-74cb27d800996eb1d7f404e9442d6958 .hr-inner{\nwidth:20%;\nborder-color:#ffffff;\n}\n<\/style>\n<div  class='hr av-fio00-74cb27d800996eb1d7f404e9442d6958 hr-custom  avia-builder-el-4  el_after_av_heading  avia-builder-el-last  hr-center hr-icon-no'><span class='hr-inner inner-border-av-border-thin'><span class=\"hr-inner-style\"><\/span><\/span><\/div><\/p><\/div>\n<style type=\"text\/css\" data-created_by=\"avia_inline_auto\" id=\"style-css-av-1p04aw-334767aa19c2b2cc4a597f82488fbe41\">\n.flex_column.av-1p04aw-334767aa19c2b2cc4a597f82488fbe41{\nborder-radius:0px 0px 0px 0px;\npadding:0px 0px 0px 0px;\n}\n<\/style>\n<div  class='flex_column av-1p04aw-334767aa19c2b2cc4a597f82488fbe41 av_one_fifth  avia-builder-el-5  el_after_av_three_fifth  avia-builder-el-last  flex_column_div av-zero-column-padding  '     ><\/div>\n\n<\/div><\/div><\/main><!-- close content main element --><\/div><\/div><\/div><div id='av-layout-grid-1'  class='av-layout-grid-container av-k3g361r2-234fcf2b59645b25b457a610bd0031f9 entry-content-wrapper main_color av-flex-cells  avia-builder-el-6  el_after_av_section  avia-builder-el-last  grid-row-not-first  container_wrap sidebar_right'  >\n\n<style type=\"text\/css\" data-created_by=\"avia_inline_auto\" id=\"style-css-av-k3g260go-5fb47f40a55f9bd15319766ae0834241\">\n.flex_cell.av-k3g260go-5fb47f40a55f9bd15319766ae0834241{\nvertical-align:bottom;\n}\n.responsive #top #wrap_all .flex_cell.av-k3g260go-5fb47f40a55f9bd15319766ae0834241{\npadding:6% 15% 5% 15% !important;\n}\n<\/style>\n<div class='flex_cell av-k3g260go-5fb47f40a55f9bd15319766ae0834241 av-gridrow-cell av_one_full no_margin  avia-builder-el-7  avia-builder-el-no-sibling  content-align-bottom'  ><div class='flex_cell_inner'><p>\n<style type=\"text\/css\" data-created_by=\"avia_inline_auto\" id=\"style-css-av-19qja-d6f70e129a9a6371e42e03521988d981\">\n.flex_column.av-19qja-d6f70e129a9a6371e42e03521988d981{\nborder-radius:0px 0px 0px 0px;\npadding:0px 0px 0px 0px;\n}\n<\/style>\n<div  class='flex_column av-19qja-d6f70e129a9a6371e42e03521988d981 av_one_half  avia-builder-el-8  el_before_av_one_half  avia-builder-el-first  first flex_column_div av-zero-column-padding  '     ><p>\n<style type=\"text\/css\" data-created_by=\"avia_inline_auto\" id=\"style-css-av-k3g1g1tw-36817c74cddc8b0c5632de7b5e5640d8\">\n#top .av_textblock_section.av-k3g1g1tw-36817c74cddc8b0c5632de7b5e5640d8 .avia_textblock{\nfont-size:21px;\ncolor:#595959;\n}\n<\/style>\n<section  class='av_textblock_section av-k3g1g1tw-36817c74cddc8b0c5632de7b5e5640d8 '   itemscope=\"itemscope\" itemtype=\"https:\/\/schema.org\/CreativeWork\" ><div class='avia_textblock av_inherit_color'  itemprop=\"text\" ><p><em>Ven y con\u00f3cenos. <\/em><\/p>\n<p><em>Descubre Bodega Mustiguillo donde se a\u00fana la tradici\u00f3n con la innovaci\u00f3n en la elaboraci\u00f3n de grandes vinos<\/em>.<\/p>\n<\/div><\/section><br \/>\n\n<style type=\"text\/css\" data-created_by=\"avia_inline_auto\" id=\"style-css-av-k3g1g1tw-2-7f6561f82ac750f0f4958aa7d56a2de0\">\n#top .av_textblock_section.av-k3g1g1tw-2-7f6561f82ac750f0f4958aa7d56a2de0 .avia_textblock{\nfont-size:15px;\n}\n<\/style>\n<section  class='av_textblock_section av-k3g1g1tw-2-7f6561f82ac750f0f4958aa7d56a2de0 '   itemscope=\"itemscope\" itemtype=\"https:\/\/schema.org\/CreativeWork\" ><div class='avia_textblock'  itemprop=\"text\" ><p>Te acompa\u00f1aremos durante esta apasionante experiencia. Una visita en la que descubrir\u00e1s nuestro secreto mejor guardado.<\/p>\n<p>Comenzaremos nuestro viaje en el punto de partida, un paseo por el vi\u00f1edo para que pod\u00e1is conocer nuestra forma de trabajar, mediante una viticultura natural sostenible, respetando nuestro entorno.<\/p>\n<p>Seguidamente, visitaremos las instalaciones donde la alquimia de la uva, convertida en arte, da lugar a la creaci\u00f3n de nuestros vinos.<\/p>\n<p>Y para finalizar, disfrutar\u00e1s saboreando y degustando la cata de una selecci\u00f3n de nuestros principales tintos y blancos acompa\u00f1ados de una elecci\u00f3n de productos de Km 0.<\/p>\n<\/div><\/section><\/p><\/div>\n<style type=\"text\/css\" data-created_by=\"avia_inline_auto\" id=\"style-css-av-9gze6-64f1fc20f9f3dc492ddc74b1cb9526b2\">\n.flex_column.av-9gze6-64f1fc20f9f3dc492ddc74b1cb9526b2{\nborder-radius:0px 0px 0px 0px;\npadding:0px 0px 0px 0px;\n}\n<\/style>\n<div  class='flex_column av-9gze6-64f1fc20f9f3dc492ddc74b1cb9526b2 av_one_half  avia-builder-el-11  el_after_av_one_half  avia-builder-el-last  flex_column_div av-zero-column-padding  '     ><section  class='av_textblock_section av-krlp9ksd-d12ccbe86b9d33ddde75c43590828b44 '   itemscope=\"itemscope\" itemtype=\"https:\/\/schema.org\/CreativeWork\" ><div class='avia_textblock'  itemprop=\"text\" ><div id=\"rpsv_IncWidgetDistr\" style=\"width: 100%; float: left;\"><script type=\"text\/javascript\" id_panel=\"736\" id_epigrafe=\"0\" id_destino=\"5124\" id_punto_venta=\"6494\" id_idioma=\"0\" paramHash=\"667602f13d643315479f16e6f8f221ae9be3742d\" src=\"https:\/\/mrplan.io\/experiencias\/modulos\/TExpDistribucion\/lib\/TExpDistribucionInc.php?paramHash=667602f13d643315479f16e6f8f221ae9be3742d\"><\/script><\/div>\n<\/div><\/section><br \/>\n\n<style type=\"text\/css\" data-created_by=\"avia_inline_auto\" id=\"style-css-av-k3g1g1tw-1-2a1a0cc23ba6167227c7c3b76106d689\">\n#top .av_textblock_section.av-k3g1g1tw-1-2a1a0cc23ba6167227c7c3b76106d689 .avia_textblock{\nfont-size:15px;\n}\n<\/style>\n<section  class='av_textblock_section av-k3g1g1tw-1-2a1a0cc23ba6167227c7c3b76106d689 '   itemscope=\"itemscope\" itemtype=\"https:\/\/schema.org\/CreativeWork\" ><div class='avia_textblock'  itemprop=\"text\" ><p><b\/><br \/>\n<em>Si tienes cualquier duda puedes contactar con nosotros a trav\u00e9s:\u00a0<\/em><\/p>\n<p><em>Email: enoturismo@mustiguillocoorporat2939.live-website.com\u00a0<\/em><\/p>\n<p><em>Tel\u00e9fono: +34 677 88 56 93<\/em><\/p>\n<\/div><\/section><\/p><\/div><\/p>\n<\/div><\/div><\/div>\n","protected":false},"excerpt":{"rendered":"","protected":false},"author":1,"featured_media":0,"parent":0,"menu_order":0,"comment_status":"closed","ping_status":"closed","template":"","meta":{"om_disable_all_campaigns":false,"_monsterinsights_skip_tracking":false,"_monsterinsights_sitenote_active":false,"_monsterinsights_sitenote_note":"","_monsterinsights_sitenote_category":0,"footnotes":""},"class_list":["post-945","page","type-page","status-publish","hentry"],"aioseo_notices":[],"_links":{"self":[{"href":"https:\/\/bodegamustiguillo.com\/en\/wp-json\/wp\/v2\/pages\/945","targetHints":{"allow":["GET"]}}],"collection":[{"href":"https:\/\/bodegamustiguillo.com\/en\/wp-json\/wp\/v2\/pages"}],"about":[{"href":"https:\/\/bodegamustiguillo.com\/en\/wp-json\/wp\/v2\/types\/page"}],"author":[{"embeddable":true,"href":"https:\/\/bodegamustiguillo.com\/en\/wp-json\/wp\/v2\/users\/1"}],"replies":[{"embeddable":true,"href":"https:\/\/bodegamustiguillo.com\/en\/wp-json\/wp\/v2\/comments?post=945"}],"version-history":[{"count":28,"href":"https:\/\/bodegamustiguillo.com\/en\/wp-json\/wp\/v2\/pages\/945\/revisions"}],"predecessor-version":[{"id":2490,"href":"https:\/\/bodegamustiguillo.com\/en\/wp-json\/wp\/v2\/pages\/945\/revisions\/2490"}],"wp:attachment":[{"href":"https:\/\/bodegamustiguillo.com\/en\/wp-json\/wp\/v2\/media?parent=945"}],"curies":[{"name":"wp","href":"https:\/\/api.w.org\/{rel}","templated":true}]}}