{"id":1780,"date":"2022-05-12T12:15:50","date_gmt":"2022-05-12T10:15:50","guid":{"rendered":"https:\/\/mustiguillocoorporat2939.live-website.com\/geschichte-und-praesentation\/"},"modified":"2022-05-12T13:34:35","modified_gmt":"2022-05-12T11:34:35","slug":"geschichte-und-praesentation","status":"publish","type":"page","link":"https:\/\/bodegamustiguillo.com\/de\/geschichte-und-praesentation\/","title":{"rendered":"\u00dcBER UNS"},"content":{"rendered":"<\/p>\n\n<style type=\"text\/css\" data-created_by=\"avia_inline_auto\" id=\"style-css-av-k30d3mq7-62fc0983ac59800ad1ead3178ccbaa43\">\n.avia-section.av-k30d3mq7-62fc0983ac59800ad1ead3178ccbaa43{\nbackground-repeat:repeat;\nbackground-image:url(https:\/\/bodegamustiguillo.com\/wp-content\/uploads\/2019\/12\/historia_titulo.jpg);\nbackground-position:50% 50%;\nbackground-attachment:scroll;\n}\n<\/style>\n<div id='av_section_1'  class='avia-section av-k30d3mq7-62fc0983ac59800ad1ead3178ccbaa43 main_color avia-section-huge avia-no-border-styling  avia-builder-el-0  el_before_av_section  avia-builder-el-first  avia-bg-style-scroll container_wrap sidebar_right'  data-section-bg-repeat='repeat'><div class='container av-section-cont-open' ><main  role=\"main\" itemprop=\"mainContentOfPage\"  class='template-page content  av-content-small alpha units'><div class='post-entry post-entry-type-page post-entry-1780'><div class='entry-content-wrapper clearfix'>\n<\/div><\/div><\/main><!-- close content main element --><\/div><\/div><div id='av_section_2'  class='avia-section av-64ct6-cc84d1d254de2171e38bf8ba8dd178d6 main_color avia-section-default avia-no-border-styling  avia-builder-el-1  el_after_av_section  el_before_av_section  avia-bg-style-scroll container_wrap sidebar_right'  ><div class='container av-section-cont-open' ><div class='template-page content  av-content-small alpha units'><div class='post-entry post-entry-type-page post-entry-1780'><div class='entry-content-wrapper clearfix'>\n\n<style type=\"text\/css\" data-created_by=\"avia_inline_auto\" id=\"style-css-av-5x6h6-dcd16e327c761b967ea0fc601e06ad7b\">\n.flex_column.av-5x6h6-dcd16e327c761b967ea0fc601e06ad7b{\nborder-radius:0px 0px 0px 0px;\npadding:0px 0px 0px 0px;\n}\n<\/style>\n<div  class='flex_column av-5x6h6-dcd16e327c761b967ea0fc601e06ad7b av_one_fifth  avia-builder-el-2  el_before_av_three_fifth  avia-builder-el-first  first flex_column_div av-zero-column-padding  '     ><\/div>\n<style type=\"text\/css\" data-created_by=\"avia_inline_auto\" id=\"style-css-av-4z5bm-53f5944c02edee8d6a187ac9522ab489\">\n.flex_column.av-4z5bm-53f5944c02edee8d6a187ac9522ab489{\nborder-radius:0px 0px 0px 0px;\npadding:0px 0px 0px 0px;\n}\n<\/style>\n<div  class='flex_column av-4z5bm-53f5944c02edee8d6a187ac9522ab489 av_three_fifth  avia-builder-el-3  el_after_av_one_fifth  el_before_av_one_fifth  flex_column_div av-zero-column-padding  '     ><style type=\"text\/css\" data-created_by=\"avia_inline_auto\" id=\"style-css-av-k30ddjv6-2c20d5cfcf2f57068680cf953caf7e82\">\n#top .av_textblock_section.av-k30ddjv6-2c20d5cfcf2f57068680cf953caf7e82 .avia_textblock{\nfont-size:24px;\n}\n<\/style>\n<section  class='av_textblock_section av-k30ddjv6-2c20d5cfcf2f57068680cf953caf7e82 '   itemscope=\"itemscope\" itemtype=\"https:\/\/schema.org\/CreativeWork\" ><div class='avia_textblock'  itemprop=\"text\" ><p style=\"text-align: center;\"><strong>PR\u00c4SENTATION<\/strong><\/p>\n<\/div><\/section><br \/>\n\n<style type=\"text\/css\" data-created_by=\"avia_inline_auto\" id=\"style-css-av-k30dd9li-57361526921690d25d3ddd57ab243b0a\">\n#top .av_textblock_section.av-k30dd9li-57361526921690d25d3ddd57ab243b0a .avia_textblock{\nfont-size:28px;\n}\n<\/style>\n<section  class='av_textblock_section av-k30dd9li-57361526921690d25d3ddd57ab243b0a '   itemscope=\"itemscope\" itemtype=\"https:\/\/schema.org\/CreativeWork\" ><div class='avia_textblock'  itemprop=\"text\" ><p style=\"text-align: center;\">In 800 m H\u00f6he \u00fcber dem Meeresspiegel er\u00f6ffnet sich dem Auge auf sanften H\u00fcgeln, die einst den Grund des Mittelmeers bildeten, und im Schutz der Sierra del Negrete (Utiel) eine einzigartige Landschaft.<\/p>\n<\/div><\/section><br \/>\n\n<style type=\"text\/css\" data-created_by=\"avia_inline_auto\" id=\"style-css-av-k35ymhx4-9095ca4fd6d30395205c9c1a536f6aeb\">\n#top .hr.hr-invisible.av-k35ymhx4-9095ca4fd6d30395205c9c1a536f6aeb{\nheight:20px;\n}\n<\/style>\n<div  class='hr av-k35ymhx4-9095ca4fd6d30395205c9c1a536f6aeb hr-invisible  avia-builder-el-6  el_after_av_textblock  el_before_av_textblock '><span class='hr-inner '><span class=\"hr-inner-style\"><\/span><\/span><\/div><br \/>\n\n<style type=\"text\/css\" data-created_by=\"avia_inline_auto\" id=\"style-css-av-k30ddjv6-9-2a5557636564b2d54e22883ffa32817e\">\n#top .av_textblock_section.av-k30ddjv6-9-2a5557636564b2d54e22883ffa32817e .avia_textblock{\nfont-size:17px;\n}\n<\/style>\n<section  class='av_textblock_section av-k30ddjv6-9-2a5557636564b2d54e22883ffa32817e '   itemscope=\"itemscope\" itemtype=\"https:\/\/schema.org\/CreativeWork\" ><div class='avia_textblock'  itemprop=\"text\" ><p style=\"text-align: center;\">Hier gedeihen Kiefern, Steineichen und Olivenb\u00e4ume in Verbindung mit den aromatischen Noten von Thymian, Rosmarin und Fenchel, die das Tal durchziehen und die Frucht der Weinberge der Familie Sarri\u00f3n-Mart\u00ednez, die Bobal, einh\u00fcllen.<\/p>\n<p style=\"text-align: center;\">Die Bobal ist eine kr\u00e4ftige Rebsorte, die trotz extremer Witterungsverh\u00e4ltnisse und scheinbar wenig fruchtbarer Kalkb\u00f6den dank der nat\u00fcrlichen, bahnbrechenden Anbauverfahren in dieser Gegend eine ebenso nuancenreiche und elegante wie delikate Frucht hervorbringt.<\/p>\n<p style=\"text-align: center;\">Die Traube ist Ausdruck des Bodens, des Klimas, der Bergaromen und der N\u00e4he zum Meer. Zusammen verleihen diese Eigenschaften unserem Wein seinen einzigartigen mediterranen Charakter.<\/p>\n<\/div><\/section><br \/>\n\n<style type=\"text\/css\" data-created_by=\"avia_inline_auto\" id=\"style-css-av-k35ymhx4-8-1a7cf9e28ad8a94676ccc414fa91f44d\">\n#top .hr.hr-invisible.av-k35ymhx4-8-1a7cf9e28ad8a94676ccc414fa91f44d{\nheight:40px;\n}\n<\/style>\n<div  class='hr av-k35ymhx4-8-1a7cf9e28ad8a94676ccc414fa91f44d hr-invisible  avia-builder-el-8  el_after_av_textblock  avia-builder-el-last '><span class='hr-inner '><span class=\"hr-inner-style\"><\/span><\/span><\/div><\/p><\/div>\n<style type=\"text\/css\" data-created_by=\"avia_inline_auto\" id=\"style-css-av-48tpq-27dc5dccb2e409b200c30d5686baec3d\">\n.flex_column.av-48tpq-27dc5dccb2e409b200c30d5686baec3d{\nborder-radius:0px 0px 0px 0px;\npadding:0px 0px 0px 0px;\n}\n<\/style>\n<div  class='flex_column av-48tpq-27dc5dccb2e409b200c30d5686baec3d av_one_fifth  avia-builder-el-9  el_after_av_three_fifth  avia-builder-el-last  flex_column_div av-zero-column-padding  '     ><\/div>\n\n<\/div><\/div><\/div><!-- close content main div --><\/div><\/div>\n<style type=\"text\/css\" data-created_by=\"avia_inline_auto\" id=\"style-css-av-k3rk53ye-c0f0bb011363bdcfa272fd96d7690443\">\n.avia-section.av-k3rk53ye-c0f0bb011363bdcfa272fd96d7690443{\nbackground-repeat:no-repeat;\nbackground-image:url(https:\/\/bodegamustiguillo.com\/wp-content\/uploads\/2019\/12\/historia-presentacion.jpg);\nbackground-position:50% 50%;\nbackground-attachment:fixed;\n}\n<\/style>\n<div id='av_section_3'  class='avia-section av-k3rk53ye-c0f0bb011363bdcfa272fd96d7690443 main_color avia-section-default avia-no-border-styling  avia-builder-el-10  el_after_av_section  el_before_av_section  avia-full-contain avia-bg-style-fixed av-minimum-height av-minimum-height-50 av-height-50  container_wrap sidebar_right'  data-section-bg-repeat='contain' data-av_minimum_height_pc='50' data-av_min_height_opt='50'><div class='container av-section-cont-open' ><div class='template-page content  av-content-small alpha units'><div class='post-entry post-entry-type-page post-entry-1780'><div class='entry-content-wrapper clearfix'>\n<\/div><\/div><\/div><!-- close content main div --><\/div><\/div><div id='av_section_4'  class='avia-section av-64ct6-12-b7c60d3389ffa79b7dcc94730b57b3e4 main_color avia-section-default avia-no-border-styling  avia-builder-el-11  el_after_av_section  el_before_av_section  avia-bg-style-scroll container_wrap sidebar_right'  ><div class='container av-section-cont-open' ><div class='template-page content  av-content-small alpha units'><div class='post-entry post-entry-type-page post-entry-1780'><div class='entry-content-wrapper clearfix'>\n\n<style type=\"text\/css\" data-created_by=\"avia_inline_auto\" id=\"style-css-av-5x6h6-11-ad2d7667f7364afdab102de95fd61cd0\">\n.flex_column.av-5x6h6-11-ad2d7667f7364afdab102de95fd61cd0{\nborder-radius:0px 0px 0px 0px;\npadding:0px 0px 0px 0px;\n}\n<\/style>\n<div  class='flex_column av-5x6h6-11-ad2d7667f7364afdab102de95fd61cd0 av_one_fifth  avia-builder-el-12  el_before_av_three_fifth  avia-builder-el-first  first flex_column_div av-zero-column-padding  '     ><\/div>\n<style type=\"text\/css\" data-created_by=\"avia_inline_auto\" id=\"style-css-av-4z5bm-10-89da3967b41e58012d8169c3e1c71949\">\n.flex_column.av-4z5bm-10-89da3967b41e58012d8169c3e1c71949{\nborder-radius:0px 0px 0px 0px;\npadding:0px 0px 0px 0px;\n}\n<\/style>\n<div  class='flex_column av-4z5bm-10-89da3967b41e58012d8169c3e1c71949 av_three_fifth  avia-builder-el-13  el_after_av_one_fifth  el_before_av_one_fifth  flex_column_div av-zero-column-padding  '     ><p>\n<style type=\"text\/css\" data-created_by=\"avia_inline_auto\" id=\"style-css-av-k35ymhx4-6-3dfdd2fff68e2d4b407cddc28c1eb155\">\n#top .hr.hr-invisible.av-k35ymhx4-6-3dfdd2fff68e2d4b407cddc28c1eb155{\nheight:10px;\n}\n<\/style>\n<div  class='hr av-k35ymhx4-6-3dfdd2fff68e2d4b407cddc28c1eb155 hr-invisible  avia-builder-el-14  el_before_av_textblock  avia-builder-el-first '><span class='hr-inner '><span class=\"hr-inner-style\"><\/span><\/span><\/div><br \/>\n\n<style type=\"text\/css\" data-created_by=\"avia_inline_auto\" id=\"style-css-av-k30ddjv6-7-ae5ec6ed6c78c45634af5de5c1867e11\">\n#top .av_textblock_section.av-k30ddjv6-7-ae5ec6ed6c78c45634af5de5c1867e11 .avia_textblock{\nfont-size:24px;\n}\n<\/style>\n<section  class='av_textblock_section av-k30ddjv6-7-ae5ec6ed6c78c45634af5de5c1867e11 '   itemscope=\"itemscope\" itemtype=\"https:\/\/schema.org\/CreativeWork\" ><div class='avia_textblock'  itemprop=\"text\" ><p style=\"text-align: center;\"><strong>100 JAHRE WEINKELLEREI<\/strong><\/p>\n<\/div><\/section><br \/>\n\n<style type=\"text\/css\" data-created_by=\"avia_inline_auto\" id=\"style-css-av-k35ymhx4-4-7923d0560e79522c3835b0b917593598\">\n#top .hr.hr-invisible.av-k35ymhx4-4-7923d0560e79522c3835b0b917593598{\nmargin-top:-10px;\nheight:1px;\n}\n<\/style>\n<div  class='hr av-k35ymhx4-4-7923d0560e79522c3835b0b917593598 hr-invisible  avia-builder-el-16  el_after_av_textblock  el_before_av_textblock '><span class='hr-inner '><span class=\"hr-inner-style\"><\/span><\/span><\/div><br \/>\n<section  class='av_textblock_section av-k30ddjv6-3-919261eb63d34faed94b60804404d4b0 '   itemscope=\"itemscope\" itemtype=\"https:\/\/schema.org\/CreativeWork\" ><div class='avia_textblock'  itemprop=\"text\" ><p style=\"text-align: center;\">Im Jahr 2019 feierten wir den 100. Jahrestag des ersten bekannten Terrerazo-Weins namens \u201eTerrerazo 1919\u201c, der vom gelehrten Agronomen und \u00d6nologen Rafael Janini y Janini beschrieben wurde und aus der Weinkellerei stammt, die heute zur Bodega Mustiguillo geh\u00f6rt.<\/p>\n<p style=\"text-align: center;\">El Terrerazo, seit mehr als 45 Jahren ein Familienbetrieb, ist heute zusammen mit den eigenen Weinkellereien und anderen G\u00fctern in der Hochebene von Requena-Utiel das Herzst\u00fcck des neuen Premium-Weinprojekts von Bodega Mustiguillo. Das bereits Realit\u00e4t gewordene Projekt baut auf nachhaltige Weine und auf innovativen Weinbau und Weinherstellung ausschlie\u00dflich aus eigenen Weinbergen unter der Leitung von Toni Sarri\u00f3n, einer Koryph\u00e4e der spanischen Weinkultur.<\/p>\n<\/div><\/section><br \/>\n\n<style type=\"text\/css\" data-created_by=\"avia_inline_auto\" id=\"style-css-av-k35ymhx4-2-86ae99cfa81a670aa7927ce7bdf0d0ac\">\n#top .hr.hr-invisible.av-k35ymhx4-2-86ae99cfa81a670aa7927ce7bdf0d0ac{\nmargin-top:-20px;\nheight:1px;\n}\n<\/style>\n<div  class='hr av-k35ymhx4-2-86ae99cfa81a670aa7927ce7bdf0d0ac hr-invisible  avia-builder-el-18  el_after_av_textblock  el_before_av_textblock '><span class='hr-inner '><span class=\"hr-inner-style\"><\/span><\/span><\/div><br \/>\n\n<style type=\"text\/css\" data-created_by=\"avia_inline_auto\" id=\"style-css-av-k30ddjv6-1-0dd2616dae204e2cfa4ed46054959655\">\n#top .av_textblock_section.av-k30ddjv6-1-0dd2616dae204e2cfa4ed46054959655 .avia_textblock{\nfont-size:39px;\n}\n<\/style>\n<section  class='av_textblock_section av-k30ddjv6-1-0dd2616dae204e2cfa4ed46054959655 '   itemscope=\"itemscope\" itemtype=\"https:\/\/schema.org\/CreativeWork\" ><div class='avia_textblock'  itemprop=\"text\" ><p style=\"text-align: right;\"><mark>Toni Sarri\u00f3n<\/mark><\/p>\n<\/div><\/section><\/p><\/div>\n<style type=\"text\/css\" data-created_by=\"avia_inline_auto\" id=\"style-css-av-48tpq-5-0c0c1a2b9b17b2ae0d999a033efedd25\">\n.flex_column.av-48tpq-5-0c0c1a2b9b17b2ae0d999a033efedd25{\nborder-radius:0px 0px 0px 0px;\npadding:0px 0px 0px 0px;\n}\n<\/style>\n<div  class='flex_column av-48tpq-5-0c0c1a2b9b17b2ae0d999a033efedd25 av_one_fifth  avia-builder-el-20  el_after_av_three_fifth  avia-builder-el-last  flex_column_div av-zero-column-padding  '     ><\/div>\n\n<\/div><\/div><\/div><!-- close content main div --><\/div><\/div>\n<style type=\"text\/css\" data-created_by=\"avia_inline_auto\" id=\"style-css-av-k34pmftd-fccb46d94a6e9eb4c4726ec39f949bc1\">\n.avia-section.av-k34pmftd-fccb46d94a6e9eb4c4726ec39f949bc1{\nbackground-color:#ebecec;\nbackground-image:unset;\n}\n<\/style>\n<div id='av_section_5'  class='avia-section av-k34pmftd-fccb46d94a6e9eb4c4726ec39f949bc1 main_color avia-section-default avia-shadow  avia-builder-el-21  el_after_av_section  avia-builder-el-last  avia-bg-style-scroll container_wrap sidebar_right'  ><div class='container av-section-cont-open' ><div class='template-page content  av-content-small alpha units'><div class='post-entry post-entry-type-page post-entry-1780'><div class='entry-content-wrapper clearfix'>\n\n<style type=\"text\/css\" data-created_by=\"avia_inline_auto\" id=\"style-css-av-29b3m-c9eb8284699ad46980022165d2c1741d\">\n.flex_column.av-29b3m-c9eb8284699ad46980022165d2c1741d{\nborder-radius:0px 0px 0px 0px;\npadding:0px 0px 0px 0px;\n}\n<\/style>\n<div  class='flex_column av-29b3m-c9eb8284699ad46980022165d2c1741d av_one_fifth  avia-builder-el-22  el_before_av_three_fifth  avia-builder-el-first  first flex_column_div av-zero-column-padding  '     ><\/div>\n<style type=\"text\/css\" data-created_by=\"avia_inline_auto\" id=\"style-css-av-1j9ai-a9e63563783a95601134a1d844e81493\">\n.flex_column.av-1j9ai-a9e63563783a95601134a1d844e81493{\nborder-radius:0px 0px 0px 0px;\npadding:0px 0px 0px 0px;\n}\n<\/style>\n<div  class='flex_column av-1j9ai-a9e63563783a95601134a1d844e81493 av_three_fifth  avia-builder-el-23  el_after_av_one_fifth  el_before_av_one_fifth  flex_column_div av-zero-column-padding  '     ><style type=\"text\/css\" data-created_by=\"avia_inline_auto\" id=\"style-css-av-k34pke97-de961c42b83f72f91e142f428458faaf\">\n#top .av_textblock_section.av-k34pke97-de961c42b83f72f91e142f428458faaf .avia_textblock{\nfont-size:33px;\ncolor:#4d4d4d;\n}\n<\/style>\n<section  class='av_textblock_section av-k34pke97-de961c42b83f72f91e142f428458faaf '   itemscope=\"itemscope\" itemtype=\"https:\/\/schema.org\/CreativeWork\" ><div class='avia_textblock av_inherit_color'  itemprop=\"text\" ><p style=\"text-align: center; font-family: 'playfair display'; margin: 0.2em 0;\"><a style=\"text-decoration: none;\" href=\"https:\/\/mustiguillocoorporat2939.live-website.com\/de\/unsere-weine\/\" data-wplink-url-error=\"true\">Unsere Weine<\/a><\/p>\n<p style=\"text-align: center; font-family: 'playfair display'; margin: 0.2em 0;\"><a style=\"text-decoration: none;\" href=\"https:\/\/mustiguillocoorporat2939.live-website.com\/de\/bildergalerie\/\" data-wplink-url-error=\"true\">Galerie<\/a><\/p>\n<p style=\"text-align: center; font-family: 'playfair display'; margin: 0.2em 0;\"><a style=\"text-decoration: none;\" href=\"https:\/\/mustiguillocoorporat2939.live-website.com\/de\/kontakt\/\" data-wplink-url-error=\"true\">Kontakt<\/a><\/p>\n<\/div><\/section><\/div>\n<style type=\"text\/css\" data-created_by=\"avia_inline_auto\" id=\"style-css-av-o4x6-316e1d86e0ca25166c4d1c0f3553ae05\">\n.flex_column.av-o4x6-316e1d86e0ca25166c4d1c0f3553ae05{\nborder-radius:0px 0px 0px 0px;\npadding:0px 0px 0px 0px;\n}\n<\/style>\n<div  class='flex_column av-o4x6-316e1d86e0ca25166c4d1c0f3553ae05 av_one_fifth  avia-builder-el-25  el_after_av_three_fifth  avia-builder-el-last  flex_column_div av-zero-column-padding  '     ><\/div><\/div><\/div><\/div><!-- close content main div --><\/div><\/div><div id='after_section_5'  class='main_color av_default_container_wrap container_wrap sidebar_right'  ><div class='container av-section-cont-open' ><div class='template-page content  av-content-small alpha units'><div class='post-entry post-entry-type-page post-entry-1780'><div class='entry-content-wrapper clearfix'>\n","protected":false},"excerpt":{"rendered":"","protected":false},"author":1,"featured_media":0,"parent":0,"menu_order":0,"comment_status":"closed","ping_status":"closed","template":"","meta":{"om_disable_all_campaigns":false,"_monsterinsights_skip_tracking":false,"_monsterinsights_sitenote_active":false,"_monsterinsights_sitenote_note":"","_monsterinsights_sitenote_category":0,"footnotes":""},"class_list":["post-1780","page","type-page","status-publish","hentry"],"aioseo_notices":[],"_links":{"self":[{"href":"https:\/\/bodegamustiguillo.com\/de\/wp-json\/wp\/v2\/pages\/1780","targetHints":{"allow":["GET"]}}],"collection":[{"href":"https:\/\/bodegamustiguillo.com\/de\/wp-json\/wp\/v2\/pages"}],"about":[{"href":"https:\/\/bodegamustiguillo.com\/de\/wp-json\/wp\/v2\/types\/page"}],"author":[{"embeddable":true,"href":"https:\/\/bodegamustiguillo.com\/de\/wp-json\/wp\/v2\/users\/1"}],"replies":[{"embeddable":true,"href":"https:\/\/bodegamustiguillo.com\/de\/wp-json\/wp\/v2\/comments?post=1780"}],"version-history":[{"count":16,"href":"https:\/\/bodegamustiguillo.com\/de\/wp-json\/wp\/v2\/pages\/1780\/revisions"}],"predecessor-version":[{"id":1893,"href":"https:\/\/bodegamustiguillo.com\/de\/wp-json\/wp\/v2\/pages\/1780\/revisions\/1893"}],"wp:attachment":[{"href":"https:\/\/bodegamustiguillo.com\/de\/wp-json\/wp\/v2\/media?parent=1780"}],"curies":[{"name":"wp","href":"https:\/\/api.w.org\/{rel}","templated":true}]}}