{"id":1710,"date":"2022-05-12T10:52:23","date_gmt":"2022-05-12T08:52:23","guid":{"rendered":"https:\/\/mustiguillocoorporat2939.live-website.com\/einkaufsbedingungen-und-rueckgaberecht\/"},"modified":"2022-05-16T10:31:11","modified_gmt":"2022-05-16T08:31:11","slug":"einkaufsbedingungen-und-rueckgaberecht","status":"publish","type":"page","link":"https:\/\/bodegamustiguillo.com\/de\/einkaufsbedingungen-und-rueckgaberecht\/","title":{"rendered":"Einkaufsbedingungen und R\u00fcckgaberecht"},"content":{"rendered":"\n<style type=\"text\/css\" data-created_by=\"avia_inline_auto\" id=\"style-css-av-8gmt6-925abbaabcf00df878fb09a9c3de532a\">\n.flex_column.av-8gmt6-925abbaabcf00df878fb09a9c3de532a{\nborder-radius:0px 0px 0px 0px;\npadding:0px 0px 0px 0px;\n}\n<\/style>\n<div  class='flex_column av-8gmt6-925abbaabcf00df878fb09a9c3de532a av_one_full  avia-builder-el-0  el_before_av_textblock  avia-builder-el-first  first flex_column_div av-zero-column-padding  '     ><\/div>\n<section  class='av_textblock_section av-ktli104v-d5fe21cb52d45c1326f8d26c76678823 '   itemscope=\"itemscope\" itemtype=\"https:\/\/schema.org\/CreativeWork\" ><div class='avia_textblock'  itemprop=\"text\" ><h3>ALLGEMEINE KAUFBEDINGUNGEN<\/h3>\n<p>Schon die Annahme des Kaufs anhand Ihrer Best\u00e4tigung der Bestellung bedeutet, dass Sie in diese Bedingungen einwilligen, die in Ermangelung besonderer Bedingungen die Beziehung zwischen Ihnen und Bodega Mustiguillo SA \u2013 im Folgenden: \u201eder Inhaber\u201c \u2013 regeln.<\/p>\n<p>Die Gesch\u00e4ftsdaten des Inhabers lauten wie folgt:<\/p>\n<ul>\n<li><strong>Inhaber: <\/strong>Bodega Mustiguillo SA<\/li>\n<li><strong>Eingetragen im <\/strong>Handelsregister Valencia. Band 6.135, Buch 3.441, Seite 133, Abschnitt 8, Blatt V-61.547.<\/li>\n<li><strong>USt-ID: <\/strong>A96782016<\/li>\n<li><strong>Sitz: <\/strong>Carretera Nacional 330 (KM 195) Utiel (46300) Valencia, Spanien<\/li>\n<li><strong>E-Mail: <\/strong>info@mustiguillocoorporat2939.live-website.com<\/li>\n<li><strong>Website<\/strong>: <a href=\"https:\/\/mustiguillocoorporat2939.live-website.com\/de\/\">com<\/a><\/li>\n<\/ul>\n<p>Die Telefonnummer (+34) 96 216 82 60 und die E-Mail-Adresse info@mustiguillocoorporat2939.live-website.com stehen BenutzerInnen zur Verf\u00fcgung, falls sie Fragen zu diesen Bedingungen haben sollten.<\/p>\n<p>Mit der Annahme des Vertrages erkl\u00e4ren Sie:<\/p>\n<ol>\n<li>a) dass Sie nach geltendem spanischem Recht gesch\u00e4ftsf\u00e4hig sind,<br \/>\nb) dass Sie alle vorliegenden Allgemeinen Kaufbedingungen gelesen haben und ausdr\u00fccklich darin einwilligen.<\/li>\n<\/ol>\n<h3>Anwendungsbereich:<\/h3>\n<p>Diese allgemeinen Kaufbedingungen regeln die Gesch\u00e4ftsbeziehung zwischen Ihnen und dem Inhaber, die durch die Aufgabe einer Bestellung, die Nutzung der Dienstleistungen und den Kauf oder die Bestellung von Produkten oder Dienstleistungen, die der Inhaber auf seiner Website anbietet, entsteht. Die Dienstleistungen oder Produkte werden auf der Website mit der Domain www.bodegamustiguillo.com angeboten, sodass au\u00dferhalb dieser Website get\u00e4tigte K\u00e4ufe den Inhaber nicht rechtlich binden.<\/p>\n<h3>Annahme und G\u00fcltigkeit der allgemeinen Kaufbedingungen:<\/h3>\n<p>Den folgenden Bedingungen entsprechend k\u00f6nnen die Kaufbedingungen ge\u00e4ndert werden, sodass f\u00fcr die mit Ihnen begr\u00fcndete Gesch\u00e4ftsbeziehung die zum Zeitpunkt der Annahme geltenden Bedingungen g\u00fcltig und anzuwenden sind. Die vorliegenden Klauseln treten gem\u00e4\u00df den Bestimmungen des spanischen Gesetzes 34\/2002 in Kraft, sobald der Vertrag zustande kommt. Die \u00c4nderung der allgemeinen Kaufbedingungen wird den BenutzerInnen \u00fcber die Website mitgeteilt. Daher empfehlen wir den BenutzerInnen, die Bedingungen einzusehen, die zum Zeitpunkt der Nutzung der Website-Dienste des Inhabers gelten. In jedem Fall erfolgt die Mitteilung der \u00c4nderung rechtzeitig, und die allgemeinen Kaufbedingungen k\u00f6nnen vor Vertragsabschluss eingesehen werden.<\/p>\n<h3>PRODUKTINFORMATIONEN<\/h3>\n<p>Jede Produktpr\u00e4sentation auf der Website angebotenen enth\u00e4lt eine Beschreibung der Produkteigenschaften. Auf Wunsch k\u00f6nnen Sie weitere Informationen per E-Mail an info@mustiguillocoorporat2939.live-website.com anfordern.<\/p>\n<h3>Verf\u00fcgbarkeit<\/h3>\n<p>Die Verf\u00fcgbarkeit von Eintrittskarten ist begrenzt, und die Ver\u00f6ffentlichung auf der Website bedeutet nicht, dass sie sofort verf\u00fcgbar w\u00e4ren.<\/p>\n<h3>VERF\u00dcGBARKEIT DER PRODUKTE UND BEST\u00c4TIGUNG DER BESTELLUNG<\/h3>\n<p>Wenn Sie eine Bestellung aufgeben, best\u00e4tigen wir sie Ihnen per E-Mail. Sollten Sie Fehler oder Abweichungen in Bezug auf Preis, Verf\u00fcgbarkeit oder Zahlungsweise feststellen, teilen Sie uns diese bitte umgehend unter info@mustiguillocoorporat2939.live-website.com mit.<\/p>\n<h3>PRODUKTPREIS<\/h3>\n<p>Die Preise der einzelnen Produkte enthalten die Mehrwertsteuer und andere eventuell anfallende Steuern.<\/p>\n<h3>STORNIERUNG VON BESTELLUNGEN UND ERSTATTUNGEN<\/h3>\n<p>Der Inhaber beh\u00e4lt sich das Recht vor, Bestellungen zu stornieren, die auf Druck- oder Rechenfehlern basieren oder unwahre Angaben enthalten. Dar\u00fcber hinaus informieren wir Sie dar\u00fcber, dass minderj\u00e4hrigen Personen, die unseren Weintourismus in Anspruch nehmen, w\u00e4hrend der Besichtigung kein Wein ausgeschenkt wird. Sie k\u00f6nnen die Besichtigung des Weinbergs und des Weinguts genie\u00dfen, allerdings ohne Weinprobe.<\/p>\n<p>Wenn Sie eine Reservierung wegen h\u00f6herer Gewalt stornieren m\u00f6chten, m\u00fcssen Sie uns mindestens 48 Stunden im Voraus per E-Mail an enoturismo@mustiguillocoorporat2939.live-website.com oder unter der Nummer (+34) 96 216 82 60 benachrichtigen. Das Unternehmen beh\u00e4lt sich das Recht vor, den gezahlten Betrag zur\u00fcckzuerstatten oder aber andere Termine f\u00fcr die Besichtigung anzubieten.<\/p>\n<p>R\u00fccksendungen oder Reklamationen k\u00f6nnen an die Adresse gerichtet werden, die zu Beginn dieser allgemeinen Kaufbedingungen angegeben ist.<\/p>\n<h3>ZAHLUNGSWEISEN<\/h3>\n<p>Bodega Mustiguillo SA akzeptiert folgende Zahlungsweisen f\u00fcr K\u00e4ufe auf seiner Website unter Einhaltung der Bedingungen, die hier und in den entsprechend geltenden Vorschriften festgelegt sind:<\/p>\n<p>* Zahlungs-Gateway (von Banco Santander): Es dient dazu, die zum Zeitpunkt des Kaufs verf\u00fcgbaren Artikel zu bezahlen. Sobald der Warenkorb best\u00e4tigt wurde und die Artikel verf\u00fcgbar sind, erscheint die Option \u201eKAUFEN\u201c. Diese m\u00fcssen Sie anklicken und dann die geforderten Kartendaten eingeben, und der Betrag wird automatisch von Ihrem Konto abgebucht. Die Daten werden in verschl\u00fcsselter Form an die entsprechende Bank weitergeleitet, sodass ihre Sicherheit gew\u00e4hrleistet ist. Der Inhaber erkl\u00e4rt, dass er \u00fcber die Zahlungsmittel keinen Zugang zu vertraulichen Daten hat und diese daher auch nicht speichert. Nur Banco Santander hat Zugang zu diesen Daten, um Zahlungen und Einz\u00fcge zu verwalten, und f\u00fcr andere Dritte sind sie unzug\u00e4nglich.<\/p>\n<p>Nach der Best\u00e4tigung des Warenkorbs m\u00fcssen Sie die Daten der Kredit- oder Debitkarte, das Ablaufdatum, die drei (3) Sicherheitsziffern (CVV) sowie den Namen des Karteninhabers angeben. Diese Daten werden automatisch nach 20 Tagen ab dem Erhalt der Daten durch Bodega Mustiguillo vernichtet. Wir behalten uns das Recht vor, die Identit\u00e4t der InhaberInnen der Kredit- oder Debitkarten zu \u00fcberpr\u00fcfen, indem wir die entsprechenden Unterlagen anfordern. Unser Kreditkartenzahlungssystem ist sicher, da wir \u00fcber ein nach geltenden Vorschriften zugelassenes SSL-System verf\u00fcgen. Die \u00fcbermittelten Daten werden keinesfalls zu anderen Zwecken als zur Abrechnung des beantragten Kaufs verwendet.<\/p>\n<p>Im Falle von unrechtm\u00e4\u00dfigen oder betr\u00fcgerischen Belastungen der f\u00fcr die K\u00e4ufe verwendeten Karte m\u00fcssen die K\u00e4uferInnen den Inhaber schnellstm\u00f6glich per E-Mail an info@bodegamustigullo.com oder telefonisch unter (+34) 96 216 82 60 informieren, damit der Inhaber die entsprechenden Schritte unternehmen kann.<\/p>\n<h3>UNG\u00dcLTIGKEIT DER KLAUSELN<\/h3>\n<p>Sollte eine Klausel dieser allgemeinen Kaufbedingungen ganz oder teilweise f\u00fcr ung\u00fcltig oder unwirksam erkl\u00e4rt werden, so ist davon nur die ung\u00fcltige oder unwirksame Bestimmung oder deren ung\u00fcltiger oder unwirksamer Teil betroffen, und die allgemeinen Bedingungen bleiben im \u00dcbrigen bestehen.<\/p>\n<h3>ANWENDBARES RECHT<\/h3>\n<p>M\u00f6gliche Streitigkeiten im Zusammenhang mit dieser Website unterliegen ausschlie\u00dflich spanischem Recht, wobei allein die Gerichte in Valencia zust\u00e4ndig sind. Alle BenutzerInnen der Website verpflichten sich unabh\u00e4ngig von der Zust\u00e4ndigkeit f\u00fcr das Gebiet, von dem aus sie auf die Website zugreifen, zur Einhaltung und Beachtung dieser Klausel und verzichten ausdr\u00fccklich auf andere m\u00f6gliche Gerichtsst\u00e4nde.<\/p>\n<\/div><\/section>\n","protected":false},"excerpt":{"rendered":"","protected":false},"author":1,"featured_media":0,"parent":0,"menu_order":0,"comment_status":"closed","ping_status":"closed","template":"","meta":{"om_disable_all_campaigns":false,"_monsterinsights_skip_tracking":false,"_monsterinsights_sitenote_active":false,"_monsterinsights_sitenote_note":"","_monsterinsights_sitenote_category":0,"footnotes":""},"class_list":["post-1710","page","type-page","status-publish","hentry"],"aioseo_notices":[],"_links":{"self":[{"href":"https:\/\/bodegamustiguillo.com\/de\/wp-json\/wp\/v2\/pages\/1710","targetHints":{"allow":["GET"]}}],"collection":[{"href":"https:\/\/bodegamustiguillo.com\/de\/wp-json\/wp\/v2\/pages"}],"about":[{"href":"https:\/\/bodegamustiguillo.com\/de\/wp-json\/wp\/v2\/types\/page"}],"author":[{"embeddable":true,"href":"https:\/\/bodegamustiguillo.com\/de\/wp-json\/wp\/v2\/users\/1"}],"replies":[{"embeddable":true,"href":"https:\/\/bodegamustiguillo.com\/de\/wp-json\/wp\/v2\/comments?post=1710"}],"version-history":[{"count":8,"href":"https:\/\/bodegamustiguillo.com\/de\/wp-json\/wp\/v2\/pages\/1710\/revisions"}],"predecessor-version":[{"id":2181,"href":"https:\/\/bodegamustiguillo.com\/de\/wp-json\/wp\/v2\/pages\/1710\/revisions\/2181"}],"wp:attachment":[{"href":"https:\/\/bodegamustiguillo.com\/de\/wp-json\/wp\/v2\/media?parent=1710"}],"curies":[{"name":"wp","href":"https:\/\/api.w.org\/{rel}","templated":true}]}}