{"id":1691,"date":"2022-05-12T09:49:09","date_gmt":"2022-05-12T07:49:09","guid":{"rendered":"https:\/\/mustiguillocoorporat2939.live-website.com\/datenschutz-bestimmungen\/"},"modified":"2022-05-16T10:43:16","modified_gmt":"2022-05-16T08:43:16","slug":"datenschutz-bestimmungen","status":"publish","type":"page","link":"https:\/\/bodegamustiguillo.com\/de\/datenschutz-bestimmungen\/","title":{"rendered":"Datenschutz-Bestimmungen"},"content":{"rendered":"\n<style type=\"text\/css\" data-created_by=\"avia_inline_auto\" id=\"style-css-av-6ttm5-267e9711b7acf29ec256de03e17d4802\">\n.flex_column.av-6ttm5-267e9711b7acf29ec256de03e17d4802{\nborder-radius:0px 0px 0px 0px;\npadding:0px 0px 0px 0px;\n}\n<\/style>\n<div  class='flex_column av-6ttm5-267e9711b7acf29ec256de03e17d4802 av_one_full  avia-builder-el-0  avia-builder-el-no-sibling  first flex_column_div av-zero-column-padding  '     ><section  class='av_textblock_section av-ktlhh1sk-ab1620fb233e6437d7ccb60f203eaeb4 '   itemscope=\"itemscope\" itemtype=\"https:\/\/schema.org\/CreativeWork\" ><div class='avia_textblock'  itemprop=\"text\" ><p><strong>Diese Website verwendet eigene Cookies nur zu technischen Zwecken, und es werden keine personenbezogenen Daten der BenutzerInnen ohne ihr Wissen erfasst oder \u00fcbertragen.<\/strong><\/p>\n<p>Sie enth\u00e4lt jedoch Links zu Websites Dritter mit anderen Datenschutzhinweisen als dem von BODEGA MUSTIGUILLO SA \u2013 im Folgenden: der INHABER \u2013, die Sie beim Zugriff auf diese Websites akzeptieren k\u00f6nnen oder nicht.<\/p>\n<p>Letzte Aktualisierung: 15. September 2021<\/p>\n<p><strong>Datenschutzhinweis<\/strong><\/p>\n<p>\u00dcber diese Website werden keine personenbezogenen Daten der BenutzerInnen ohne ihr Wissen erfasst oder an Dritte weitergegeben.<\/p>\n<p>Um Ihnen den bestm\u00f6glichen Service zu bieten und die Nutzung zu erleichtern, werden die Anzahl der besuchten Seiten und der Besuche sowie die Aktivit\u00e4t der BenutzerInnen und ihre Nutzungsh\u00e4ufigkeit analysiert. F\u00fcr diese Zwecke verwendet der INHABER die vom Internetdienstanbieter erstellten statistischen Informationen.<\/p>\n<p>Der INHABER verwendet weder Cookies, um Informationen von BenutzerInnen zu sammeln, noch registriert er die f\u00fcr den Zugang verwendeten IP-Adressen. Es kommen nur eigene Sitzungscookies f\u00fcr technische Zwecke zum Einsatz (also Cookies, die die Nutzung der Website und der dort verf\u00fcgbaren Optionen und Dienste erm\u00f6glichen).<\/p>\n<p>Die Website des INHABERS kann Links zu Websites Dritter mit anderen Datenschutzhinweisen als dem des INHABERS enthalten. Durch den Zugriff auf solche Websites k\u00f6nnen Sie entscheiden, ob Sie deren Datenschutz- und Cookie-Hinweisen zustimmen. Wenn Sie im Internet surfen, k\u00f6nnen Sie Cookies von Drittanbietern generell anhand der Einstellungsoptionen Ihres Browsers annehmen oder ablehnen.<\/p>\n<p><strong>Grundlegende Informationen zum Datenschutz<\/strong><\/p>\n<p>Wir informieren Sie im Folgenden \u00fcber die Datenschutzpolitik des INHABERS.<\/p>\n<p><strong>Verantwortlicher f\u00fcr die Datenverarbeitung<\/strong><\/p>\n<p>Die direkt bei den InteressentInnen erhobenen personenbezogenen Daten werden vertraulich behandelt und in die entsprechende Verarbeitung durch den INHABER einbezogen.<\/p>\n<p><strong>Zweck<\/strong><\/p>\n<p>Der Zweck der vom INHABER durchgef\u00fchrten Datenverarbeitung ist die Bereitstellung von Informationen im Falle des Webkontakts und von Angaben \u00fcber Bestellungen und andere Aktivit\u00e4ten im Zusammenhang mit dem INHABER.<\/p>\n<p><strong>Berechtigung<\/strong><\/p>\n<p>Die Verarbeitung Ihrer Daten erfolgt zur Erf\u00fcllung der gesetzlichen Pflichten des Inhabers; zur Wahrnehmung von Aufgaben im \u00f6ffentlichen Interesse oder in Aus\u00fcbung \u00f6ffentlicher Gewalt, die dem Inhaber \u00fcbertragen wurde; au\u00dferdem erfolgt sie in F\u00e4llen, in denen der Verarbeitungszweck Ihre Einwilligung erfordert und diese durch eine eindeutige Best\u00e4tigung erteilt werden muss.<\/p>\n<p><strong>Vorratsdatenspeicherung<\/strong><\/p>\n<p>Die bereitgestellten personenbezogenen Daten werden so lange gespeichert, wie es f\u00fcr die Erf\u00fcllung des Zwecks, f\u00fcr den sie erhoben wurden, und f\u00fcr die Ermittlung m\u00f6glicher, aus dem Zweck abzuleitender Verpflichtungen erforderlich ist, zus\u00e4tzlich zu den in den Archiv- und Dokumentationsvorschriften festgelegten Fristen.<\/p>\n<p><strong>Daten\u00fcbertragung<\/strong><\/p>\n<p>Allgemein werden keine personenbezogenen Daten an Dritte \u00fcbertragen, sofern keine gesetzliche Verpflichtung dazu besteht.<\/p>\n<p><strong>Rechte der betroffenen Personen<\/strong><\/p>\n<p>Alle Personen hat das Recht, eine Best\u00e4tigung \u00fcber die Verarbeitung ihrer Daten durch den f\u00fcr die Datenverarbeitung Verantwortlichen zu erhalten.<\/p>\n<p>Sie k\u00f6nnen Ihre Rechte auf Zugang, Berichtigung, L\u00f6schung und \u00dcbertragbarkeit Ihrer Daten und auf Einschr\u00e4nkung und Widerspruch gegen ihre Verarbeitung aus\u00fcben, sowie gegebenenfalls darauf, sich Entscheidungen zu entziehen, die ausschlie\u00dflich auf der automatisierten Verarbeitung Ihrer Daten beruhen. Bitte wenden Sie sich dazu an den INHABER, Carretera Nacional 330, Km. 195. 46300 &#8211; (Utiel) \u2013 Valencia, Spanien.<\/p>\n<p>&nbsp;<\/p>\n<\/div><\/section><\/div>\n","protected":false},"excerpt":{"rendered":"","protected":false},"author":1,"featured_media":0,"parent":0,"menu_order":0,"comment_status":"closed","ping_status":"closed","template":"","meta":{"om_disable_all_campaigns":false,"_monsterinsights_skip_tracking":false,"_monsterinsights_sitenote_active":false,"_monsterinsights_sitenote_note":"","_monsterinsights_sitenote_category":0,"footnotes":""},"class_list":["post-1691","page","type-page","status-publish","hentry"],"aioseo_notices":[],"_links":{"self":[{"href":"https:\/\/bodegamustiguillo.com\/de\/wp-json\/wp\/v2\/pages\/1691","targetHints":{"allow":["GET"]}}],"collection":[{"href":"https:\/\/bodegamustiguillo.com\/de\/wp-json\/wp\/v2\/pages"}],"about":[{"href":"https:\/\/bodegamustiguillo.com\/de\/wp-json\/wp\/v2\/types\/page"}],"author":[{"embeddable":true,"href":"https:\/\/bodegamustiguillo.com\/de\/wp-json\/wp\/v2\/users\/1"}],"replies":[{"embeddable":true,"href":"https:\/\/bodegamustiguillo.com\/de\/wp-json\/wp\/v2\/comments?post=1691"}],"version-history":[{"count":16,"href":"https:\/\/bodegamustiguillo.com\/de\/wp-json\/wp\/v2\/pages\/1691\/revisions"}],"predecessor-version":[{"id":2216,"href":"https:\/\/bodegamustiguillo.com\/de\/wp-json\/wp\/v2\/pages\/1691\/revisions\/2216"}],"wp:attachment":[{"href":"https:\/\/bodegamustiguillo.com\/de\/wp-json\/wp\/v2\/media?parent=1691"}],"curies":[{"name":"wp","href":"https:\/\/api.w.org\/{rel}","templated":true}]}}