{"id":1569,"date":"2022-05-11T11:45:24","date_gmt":"2022-05-11T09:45:24","guid":{"rendered":"https:\/\/mustiguillocoorporat2939.live-website.com\/calvestra-esencia\/"},"modified":"2022-05-13T10:51:51","modified_gmt":"2022-05-13T08:51:51","slug":"calvestra-esencia","status":"publish","type":"page","link":"https:\/\/bodegamustiguillo.com\/de\/unsere-weine\/calvestra-esencia\/","title":{"rendered":"Calvestra Esencia"},"content":{"rendered":"\n<style type=\"text\/css\" data-created_by=\"avia_inline_auto\" id=\"style-css-av-k3605sy2-57d1dc01b9d80f331e7c8fbabec761d6\">\n.avia-section.av-k3605sy2-57d1dc01b9d80f331e7c8fbabec761d6{\nbackground-color:#b7b5a6;\nbackground-image:unset;\n}\n<\/style>\n<div id='av_section_1'  class='avia-section av-k3605sy2-57d1dc01b9d80f331e7c8fbabec761d6 main_color avia-section-default avia-no-border-styling  avia-builder-el-0  el_before_av_section  avia-builder-el-first  avia-bg-style-scroll container_wrap sidebar_right'  ><div class='container av-section-cont-open' ><main  role=\"main\" itemprop=\"mainContentOfPage\"  class='template-page content  av-content-small alpha units'><div class='post-entry post-entry-type-page post-entry-1569'><div class='entry-content-wrapper clearfix'>\n\n<style type=\"text\/css\" data-created_by=\"avia_inline_auto\" id=\"style-css-av-k363q519-7ea7ee9f1e7bccb34c6c6a01e600ce4f\">\n#top .hr.hr-invisible.av-k363q519-7ea7ee9f1e7bccb34c6c6a01e600ce4f{\nheight:30px;\n}\n<\/style>\n<div  class='hr av-k363q519-7ea7ee9f1e7bccb34c6c6a01e600ce4f hr-invisible  avia-builder-el-1  el_before_av_two_fifth  avia-builder-el-first '><span class='hr-inner '><span class=\"hr-inner-style\"><\/span><\/span><\/div>\n<div class='flex_column_table av-3yqr2-a51be6926d665cc5863d9312155757dd sc-av_two_fifth av-equal-height-column-flextable'>\n<style type=\"text\/css\" data-created_by=\"avia_inline_auto\" id=\"style-css-av-3yqr2-a51be6926d665cc5863d9312155757dd\">\n.flex_column.av-3yqr2-a51be6926d665cc5863d9312155757dd{\nborder-radius:0px 0px 0px 0px;\npadding:0px 0px 0px 0px;\n}\n<\/style>\n<div  class='flex_column av-3yqr2-a51be6926d665cc5863d9312155757dd av_two_fifth  avia-builder-el-2  el_after_av_hr  el_before_av_three_fifth  first flex_column_table_cell av-equal-height-column av-align-bottom av-zero-column-padding  '     ><p>\n<style type=\"text\/css\" data-created_by=\"avia_inline_auto\" id=\"style-css-av-k364fodv-db20caed81c5761124379ce4f1172a5f\">\n#top .av_textblock_section.av-k364fodv-db20caed81c5761124379ce4f1172a5f .avia_textblock{\nfont-size:17px;\ncolor:#ffffff;\n}\n<\/style>\n<section  class='av_textblock_section av-k364fodv-db20caed81c5761124379ce4f1172a5f '   itemscope=\"itemscope\" itemtype=\"https:\/\/schema.org\/CreativeWork\" ><div class='avia_textblock av_inherit_color'  itemprop=\"text\" ><p>TRADITIONELLER BERG-OLIVENHAIN<br \/>\nLandgut Calvestra<\/p>\n<\/div><\/section><br \/>\n\n<style type=\"text\/css\" data-created_by=\"avia_inline_auto\" id=\"style-css-av-8f12l-8a3d24240e71905cb58c80a749ab7fcb\">\n#top .av-special-heading.av-8f12l-8a3d24240e71905cb58c80a749ab7fcb{\npadding-bottom:10px;\nfont-size:90px;\n}\nbody .av-special-heading.av-8f12l-8a3d24240e71905cb58c80a749ab7fcb .av-special-heading-tag .heading-char{\nfont-size:25px;\n}\n#top #wrap_all .av-special-heading.av-8f12l-8a3d24240e71905cb58c80a749ab7fcb .av-special-heading-tag{\nfont-size:90px;\n}\n.av-special-heading.av-8f12l-8a3d24240e71905cb58c80a749ab7fcb .av-subheading{\nfont-size:15px;\n}\n\n@media only screen and (min-width: 480px) and (max-width: 767px){ \n#top #wrap_all .av-special-heading.av-8f12l-8a3d24240e71905cb58c80a749ab7fcb .av-special-heading-tag{\nfont-size:0.8em;\n}\n}\n\n@media only screen and (max-width: 479px){ \n#top #wrap_all .av-special-heading.av-8f12l-8a3d24240e71905cb58c80a749ab7fcb .av-special-heading-tag{\nfont-size:0.8em;\n}\n}\n<\/style>\n<div  class='av-special-heading av-8f12l-8a3d24240e71905cb58c80a749ab7fcb av-special-heading-h1 blockquote modern-quote  avia-builder-el-4  el_after_av_textblock  el_before_av_textblock  av-inherit-size'><h1 class='av-special-heading-tag '  itemprop=\"headline\"  >Calvestra Esencia<\/h1><div class=\"special-heading-border\"><div class=\"special-heading-inner-border\"><\/div><\/div><\/div><br \/>\n\n<style type=\"text\/css\" data-created_by=\"avia_inline_auto\" id=\"style-css-av-k36078i6-20bbb5029658293ba3b9353809eeafe8\">\n#top .av_textblock_section.av-k36078i6-20bbb5029658293ba3b9353809eeafe8 .avia_textblock{\nfont-size:27px;\n}\n<\/style>\n<section  class='av_textblock_section av-k36078i6-20bbb5029658293ba3b9353809eeafe8 '   itemscope=\"itemscope\" itemtype=\"https:\/\/schema.org\/CreativeWork\" ><div class='avia_textblock'  itemprop=\"text\" ><p>Unsere alten Olivenb\u00e4ume der Sorte Pi\u00f1onera liefern das n\u00f6tige Rohmaterial, um dieses au\u00dfergew\u00f6hnliche \u00d6l mit voller Aromapalette auf schonende Weise zu gewinnen.<\/p>\n<\/div><\/section><\/p><\/div><div class='av-flex-placeholder'><\/div>\n<style type=\"text\/css\" data-created_by=\"avia_inline_auto\" id=\"style-css-av-58va1k-a9842248cd8e1fc2f49dc918e3c04ffe\">\n.flex_column.av-58va1k-a9842248cd8e1fc2f49dc918e3c04ffe{\nborder-radius:0px 0px 0px 0px;\npadding:0px 0px 0px 0px;\n}\n<\/style>\n<div  class='flex_column av-58va1k-a9842248cd8e1fc2f49dc918e3c04ffe av_three_fifth  avia-builder-el-6  el_after_av_two_fifth  el_before_av_hr  flex_column_table_cell av-equal-height-column av-align-bottom av-zero-column-padding  '     ><style type=\"text\/css\" data-created_by=\"avia_inline_auto\" id=\"style-css-av-k360tbkx-400c25b52431d5d118f5e3849a7d304c\">\n.avia-image-container.av-k360tbkx-400c25b52431d5d118f5e3849a7d304c img.avia_image{\nbox-shadow:none;\n}\n.avia-image-container.av-k360tbkx-400c25b52431d5d118f5e3849a7d304c .av-image-caption-overlay-center{\ncolor:#ffffff;\n}\n<\/style>\n<div  class='avia-image-container av-k360tbkx-400c25b52431d5d118f5e3849a7d304c av-styling- avia-align-center  avia-builder-el-7  avia-builder-el-no-sibling '   itemprop=\"image\" itemscope=\"itemscope\" itemtype=\"https:\/\/schema.org\/ImageObject\" ><div class=\"avia-image-container-inner\"><div class=\"avia-image-overlay-wrap\"><img decoding=\"async\" fetchpriority=\"high\" class='wp-image-1317 avia-img-lazy-loading-not-1317 avia_image ' src=\"https:\/\/bodegamustiguillo.com\/wp-content\/uploads\/2019\/11\/finca-calvestra_sinfondo_900x900-1.png\" alt='' title=''  height=\"900\" width=\"900\"  itemprop=\"thumbnailUrl\" srcset=\"https:\/\/bodegamustiguillo.com\/wp-content\/uploads\/2019\/11\/finca-calvestra_sinfondo_900x900-1.png 900w, https:\/\/bodegamustiguillo.com\/wp-content\/uploads\/2019\/11\/finca-calvestra_sinfondo_900x900-1-80x80.png 80w, https:\/\/bodegamustiguillo.com\/wp-content\/uploads\/2019\/11\/finca-calvestra_sinfondo_900x900-1-300x300.png 300w, https:\/\/bodegamustiguillo.com\/wp-content\/uploads\/2019\/11\/finca-calvestra_sinfondo_900x900-1-768x768.png 768w, https:\/\/bodegamustiguillo.com\/wp-content\/uploads\/2019\/11\/finca-calvestra_sinfondo_900x900-1-36x36.png 36w, https:\/\/bodegamustiguillo.com\/wp-content\/uploads\/2019\/11\/finca-calvestra_sinfondo_900x900-1-180x180.png 180w, https:\/\/bodegamustiguillo.com\/wp-content\/uploads\/2019\/11\/finca-calvestra_sinfondo_900x900-1-705x705.png 705w\" sizes=\"(max-width: 900px) 100vw, 900px\" \/><\/div><\/div><\/div><\/div><\/div><!--close column table wrapper. Autoclose: 1 -->\n<style type=\"text\/css\" data-created_by=\"avia_inline_auto\" id=\"style-css-av-k363rmz7-11eff4d6a137cdab47813d4d2c47e6b9\">\n#top .hr.av-k363rmz7-11eff4d6a137cdab47813d4d2c47e6b9{\nmargin-top:30px;\nmargin-bottom:20px;\n}\n.hr.av-k363rmz7-11eff4d6a137cdab47813d4d2c47e6b9 .hr-inner{\nwidth:100%;\nborder-color:#cecac8;\n}\n<\/style>\n<div  class='hr av-k363rmz7-11eff4d6a137cdab47813d4d2c47e6b9 hr-custom  avia-builder-el-8  el_after_av_three_fifth  el_before_av_one_third  hr-center hr-icon-no'><span class='hr-inner inner-border-av-border-thin'><span class=\"hr-inner-style\"><\/span><\/span><\/div>\n\n<style type=\"text\/css\" data-created_by=\"avia_inline_auto\" id=\"style-css-av-4zvdjs-6e3cb2bc7899c27e5819d9e90fc4395e\">\n.flex_column.av-4zvdjs-6e3cb2bc7899c27e5819d9e90fc4395e{\nborder-radius:0px 0px 0px 0px;\npadding:0px 0px 0px 0px;\n}\n<\/style>\n<div  class='flex_column av-4zvdjs-6e3cb2bc7899c27e5819d9e90fc4395e av_one_third  avia-builder-el-9  el_after_av_hr  el_before_av_one_third  first flex_column_div av-zero-column-padding  '     ><style type=\"text\/css\" data-created_by=\"avia_inline_auto\" id=\"style-css-av-k360xyf9-33a0ad6a140f8443367a064477f38166\">\n#top .av_textblock_section.av-k360xyf9-33a0ad6a140f8443367a064477f38166 .avia_textblock{\nfont-size:20px;\n}\n<\/style>\n<section  class='av_textblock_section av-k360xyf9-33a0ad6a140f8443367a064477f38166 '   itemscope=\"itemscope\" itemtype=\"https:\/\/schema.org\/CreativeWork\" ><div class='avia_textblock'  itemprop=\"text\" ><p style=\"text-align: center; line-height: 19.8pt;\" align=\"center\"><span lang=\"DE\" style=\"font-family: 'Helvetica',sans-serif; color: #444444;\">PI\u00d1ONERA<\/span><\/p>\n<\/div><\/section><\/div>\n<style type=\"text\/css\" data-created_by=\"avia_inline_auto\" id=\"style-css-av-4uikyo-22ef4288b13d084da7cda98e4668de0e\">\n.flex_column.av-4uikyo-22ef4288b13d084da7cda98e4668de0e{\nborder-radius:0px 0px 0px 0px;\npadding:0px 0px 0px 0px;\n}\n<\/style>\n<div  class='flex_column av-4uikyo-22ef4288b13d084da7cda98e4668de0e av_one_third  avia-builder-el-11  el_after_av_one_third  el_before_av_one_third  flex_column_div av-zero-column-padding  '     ><style type=\"text\/css\" data-created_by=\"avia_inline_auto\" id=\"style-css-av-k360xyf9-4-46d7ca59753759a7df143f993daf1554\">\n#top .av_textblock_section.av-k360xyf9-4-46d7ca59753759a7df143f993daf1554 .avia_textblock{\nfont-size:20px;\n}\n<\/style>\n<section  class='av_textblock_section av-k360xyf9-4-46d7ca59753759a7df143f993daf1554 '   itemscope=\"itemscope\" itemtype=\"https:\/\/schema.org\/CreativeWork\" ><div class='avia_textblock'  itemprop=\"text\" ><p style=\"text-align: center; line-height: 19.8pt;\" align=\"center\"><span lang=\"DE\" style=\"font-family: 'Helvetica',sans-serif; color: #444444;\">KALKSTEINBODEN<\/span><\/p>\n<\/div><\/section><\/div>\n<style type=\"text\/css\" data-created_by=\"avia_inline_auto\" id=\"style-css-av-4p4nhc-d679632269b6af58a5abe5c1ae519bfa\">\n.flex_column.av-4p4nhc-d679632269b6af58a5abe5c1ae519bfa{\nborder-radius:0px 0px 0px 0px;\npadding:0px 0px 0px 0px;\n}\n<\/style>\n<div  class='flex_column av-4p4nhc-d679632269b6af58a5abe5c1ae519bfa av_one_third  avia-builder-el-13  el_after_av_one_third  avia-builder-el-last  flex_column_div av-zero-column-padding  '     ><style type=\"text\/css\" data-created_by=\"avia_inline_auto\" id=\"style-css-av-k360xyf9-3-550d8879b35c60bd5ff0599ceb798e98\">\n#top .av_textblock_section.av-k360xyf9-3-550d8879b35c60bd5ff0599ceb798e98 .avia_textblock{\nfont-size:20px;\n}\n<\/style>\n<section  class='av_textblock_section av-k360xyf9-3-550d8879b35c60bd5ff0599ceb798e98 '   itemscope=\"itemscope\" itemtype=\"https:\/\/schema.org\/CreativeWork\" ><div class='avia_textblock'  itemprop=\"text\" ><p style=\"text-align: center; line-height: 19.8pt;\" align=\"center\"><span lang=\"DE\" style=\"font-family: 'Helvetica',sans-serif; color: #444444;\">900 M H\u00d6HENLAGE<\/span><\/p>\n<\/div><\/section><\/div>\n\n<\/div><\/div><\/main><!-- close content main element --><\/div><\/div><div id='av_section_2'  class='avia-section av-4kk99s-f59e75652959fa08b3c074875a13c516 main_color avia-section-default avia-no-border-styling  avia-builder-el-15  el_after_av_section  avia-builder-el-last  avia-bg-style-scroll container_wrap sidebar_right'  ><div class='container av-section-cont-open' ><div class='template-page content  av-content-small alpha units'><div class='post-entry post-entry-type-page post-entry-1569'><div class='entry-content-wrapper clearfix'>\n\n<style type=\"text\/css\" data-created_by=\"avia_inline_auto\" id=\"style-css-av-4dbeu8-075a96f671f7054ecc238919a23b4cc6\">\n.flex_column.av-4dbeu8-075a96f671f7054ecc238919a23b4cc6{\nborder-radius:0px 0px 0px 0px;\npadding:0px 0px 0px 0px;\n}\n<\/style>\n<div  class='flex_column av-4dbeu8-075a96f671f7054ecc238919a23b4cc6 av_one_half  avia-builder-el-16  el_before_av_one_half  avia-builder-el-first  first flex_column_div av-zero-column-padding  '     ><style type=\"text\/css\" data-created_by=\"avia_inline_auto\" id=\"style-css-av-k361he27-a0cd034044b4b50d2aa6103c437f674b\">\n#top .avia-icon-list-container.av-k361he27-a0cd034044b4b50d2aa6103c437f674b .iconlist_icon{\ncolor:#b7b5a6;\n}\n#top .avia-icon-list-container.av-k361he27-a0cd034044b4b50d2aa6103c437f674b .iconlist_icon svg:first-child{\nstroke:#b7b5a6;\nfill:#b7b5a6;\n}\n#top #wrap_all .avia-icon-list-container.av-k361he27-a0cd034044b4b50d2aa6103c437f674b .av_iconlist_title{\ncolor:#0a0a0a;\n}\n<\/style>\n<div  class='avia-icon-list-container av-k361he27-a0cd034044b4b50d2aa6103c437f674b  avia-builder-el-17  avia-builder-el-no-sibling '><ul class='avia-icon-list avia_animate_when_almost_visible avia-icon-list-left av-iconlist-small av-k361he27-a0cd034044b4b50d2aa6103c437f674b avia-iconlist-animate'>\n<li><div class='iconlist_icon av-1man1p-f29139e57fba017cbb9e41d491baecc0 avia-font-entypo-fontello avia-iconfont avia-font-entypo-fontello'><span class='av-icon-char' data-av_icon='\ue812' data-av_iconfont='entypo-fontello' aria-hidden=\"true\"><\/span><\/div><article class=\"article-icon-entry \"  itemscope=\"itemscope\" itemtype=\"https:\/\/schema.org\/CreativeWork\" ><div class=\"iconlist_content_wrap\"><header class=\"entry-content-header\" aria-label=\"Icon: &lt;strong&gt;Olivenhain&lt;\/strong&gt;\"><div class='av_iconlist_title iconlist_title_small  av_inherit_color'  itemprop=\"headline\" >&lt;strong&gt;Olivenhain&lt;\/strong&gt;<\/div><\/header><div class='iconlist_content '  itemprop=\"text\" ><p style=\"margin-left: 36.0pt; line-height: 19.8pt;\"><span lang=\"DE\" style=\"font-family: 'Helvetica',sans-serif; color: #444444;\">Landgut Calvestra, in Requena (Valencia).<br \/>\nTraditionelle Olivenplantage in den Bergen, auf \u00fcber 900 m H\u00f6he, an einem steilen Hang und auf trockenem Boden. Karger, kalkig-dolomitischer Boden mit sandig-lehmiger Textur.<\/span><\/p>\n<\/div><\/div><footer class=\"entry-footer\"><\/footer><\/article><div class=\"iconlist-timeline\"><\/div><\/li>\n<li><div class='iconlist_icon av-1g7yd1-35d01b1d8f35d14bf1502fcad90bf8fa avia-font-entypo-fontello avia-iconfont avia-font-entypo-fontello'><span class='av-icon-char' data-av_icon='\ue812' data-av_iconfont='entypo-fontello' aria-hidden=\"true\"><\/span><\/div><article class=\"article-icon-entry \"  itemscope=\"itemscope\" itemtype=\"https:\/\/schema.org\/CreativeWork\" ><div class=\"iconlist_content_wrap\"><header class=\"entry-content-header\" aria-label=\"Icon: &lt;strong&gt;Olivenanbau&lt;\/strong&gt;\"><div class='av_iconlist_title iconlist_title_small  av_inherit_color'  itemprop=\"headline\" >&lt;strong&gt;Olivenanbau&lt;\/strong&gt;<\/div><\/header><div class='iconlist_content '  itemprop=\"text\" ><p style=\"margin-left: 36pt; line-height: 19.8pt;\"><span lang=\"DE\" style=\"font-family: 'Helvetica',sans-serif; color: #444444;\">Traditioneller Anbau mit minimalen Eingriffen. Plantagen mit geringer Pflanzdichte im \u00f6kologischen Landbau.<\/span><\/p>\n<\/div><\/div><footer class=\"entry-footer\"><\/footer><\/article><div class=\"iconlist-timeline\"><\/div><\/li>\n<li><div class='iconlist_icon av-19e1ql-d69a798c4e29ba97d4af34802e854071 avia-font-entypo-fontello avia-iconfont avia-font-entypo-fontello'><span class='av-icon-char' data-av_icon='\ue812' data-av_iconfont='entypo-fontello' aria-hidden=\"true\"><\/span><\/div><article class=\"article-icon-entry \"  itemscope=\"itemscope\" itemtype=\"https:\/\/schema.org\/CreativeWork\" ><div class=\"iconlist_content_wrap\"><header class=\"entry-content-header\" aria-label=\"Icon: &lt;strong&gt;Ernte&lt;\/strong&gt;\"><div class='av_iconlist_title iconlist_title_small  av_inherit_color'  itemprop=\"headline\" >&lt;strong&gt;Ernte&lt;\/strong&gt;<\/div><\/header><div class='iconlist_content '  itemprop=\"text\" ><p style=\"margin-left: 36.0pt; line-height: 19.8pt;\"><span lang=\"DE\" style=\"font-family: 'Helvetica',sans-serif; color: #444444;\">Geerntet wird durch Abstreifen per Hand und direkt in die Kisten. Der Erntezeitpunkt richtet sich nach dem Reifegrad der Fr\u00fcchte.<\/span><\/p>\n<\/div><\/div><footer class=\"entry-footer\"><\/footer><\/article><div class=\"iconlist-timeline\"><\/div><\/li>\n<li><div class='iconlist_icon av-11zmot-19f02ada5099c8334b3e1a2727e99a1e avia-font-entypo-fontello avia-iconfont avia-font-entypo-fontello'><span class='av-icon-char' data-av_icon='\ue812' data-av_iconfont='entypo-fontello' aria-hidden=\"true\"><\/span><\/div><article class=\"article-icon-entry \"  itemscope=\"itemscope\" itemtype=\"https:\/\/schema.org\/CreativeWork\" ><div class=\"iconlist_content_wrap\"><header class=\"entry-content-header\" aria-label=\"Icon: &lt;strong&gt;Sorten&lt;\/strong&gt;\"><div class='av_iconlist_title iconlist_title_small  av_inherit_color'  itemprop=\"headline\" >&lt;strong&gt;Sorten&lt;\/strong&gt;<\/div><\/header><div class='iconlist_content '  itemprop=\"text\" ><p style=\"margin-left: 36.0pt; line-height: 19.8pt;\"><span lang=\"DE\" style=\"font-family: 'Helvetica',sans-serif; color: #444444;\">Pi\u00f1onera, eine autochthone Sorte in Requena.<\/span><\/p>\n<\/div><\/div><footer class=\"entry-footer\"><\/footer><\/article><div class=\"iconlist-timeline\"><\/div><\/li>\n<li><div class='iconlist_icon av-vue6l-0a9ff21a2042d43b2a7dc68bb61dcd79 avia-font-entypo-fontello avia-iconfont avia-font-entypo-fontello'><span class='av-icon-char' data-av_icon='\ue812' data-av_iconfont='entypo-fontello' aria-hidden=\"true\"><\/span><\/div><article class=\"article-icon-entry \"  itemscope=\"itemscope\" itemtype=\"https:\/\/schema.org\/CreativeWork\" ><div class=\"iconlist_content_wrap\"><header class=\"entry-content-header\" aria-label=\"Icon: &lt;strong&gt;Verarbeitung&lt;\/strong&gt;\"><div class='av_iconlist_title iconlist_title_small  av_inherit_color'  itemprop=\"headline\" >&lt;strong&gt;Verarbeitung&lt;\/strong&gt;<\/div><\/header><div class='iconlist_content '  itemprop=\"text\" ><p style=\"margin-left: 36.0pt; line-height: 19.8pt;\"><span lang=\"DE\" style=\"font-family: 'Helvetica',sans-serif; color: #444444;\">Mahlen in der Nacht, unmittelbar nach der Ernte.<br \/>\nKurzes Kaltkneten, Extraktion mit geringem Fettertrag (9\u00a0%).<\/span><\/p>\n<\/div><\/div><footer class=\"entry-footer\"><\/footer><\/article><div class=\"iconlist-timeline\"><\/div><\/li>\n<\/ul><\/div><\/div>\n<style type=\"text\/css\" data-created_by=\"avia_inline_auto\" id=\"style-css-av-3ccfps-be57477eefc2301c398f75e8e90173d2\">\n.flex_column.av-3ccfps-be57477eefc2301c398f75e8e90173d2{\nborder-radius:0px 0px 0px 0px;\npadding:0px 0px 0px 0px;\n}\n<\/style>\n<div  class='flex_column av-3ccfps-be57477eefc2301c398f75e8e90173d2 av_one_half  avia-builder-el-18  el_after_av_one_half  avia-builder-el-last  flex_column_div av-zero-column-padding  '     ><style type=\"text\/css\" data-created_by=\"avia_inline_auto\" id=\"style-css-av-k361he27-2-7158b6d33369612486cdb23adfbf322d\">\n#top .avia-icon-list-container.av-k361he27-2-7158b6d33369612486cdb23adfbf322d .iconlist_icon{\ncolor:#b7b5a6;\n}\n#top .avia-icon-list-container.av-k361he27-2-7158b6d33369612486cdb23adfbf322d .iconlist_icon svg:first-child{\nstroke:#b7b5a6;\nfill:#b7b5a6;\n}\n#top #wrap_all .avia-icon-list-container.av-k361he27-2-7158b6d33369612486cdb23adfbf322d .av_iconlist_title{\ncolor:#0a0a0a;\n}\n<\/style>\n<div  class='avia-icon-list-container av-k361he27-2-7158b6d33369612486cdb23adfbf322d  avia-builder-el-19  avia-builder-el-no-sibling '><ul class='avia-icon-list avia_animate_when_almost_visible avia-icon-list-left av-iconlist-small av-k361he27-2-7158b6d33369612486cdb23adfbf322d avia-iconlist-animate'>\n<li><div class='iconlist_icon av-p2kel-4bc3d35a28d2186ca277abd08de01b30 avia-font-entypo-fontello avia-iconfont avia-font-entypo-fontello'><span class='av-icon-char' data-av_icon='\ue812' data-av_iconfont='entypo-fontello' aria-hidden=\"true\"><\/span><\/div><article class=\"article-icon-entry \"  itemscope=\"itemscope\" itemtype=\"https:\/\/schema.org\/CreativeWork\" ><div class=\"iconlist_content_wrap\"><header class=\"entry-content-header\" aria-label=\"Icon: &lt;strong&gt;S\u00e4uregrad&lt;\/strong&gt;\"><div class='av_iconlist_title iconlist_title_small  av_inherit_color'  itemprop=\"headline\" >&lt;strong&gt;S\u00e4uregrad&lt;\/strong&gt;<\/div><\/header><div class='iconlist_content '  itemprop=\"text\" ><p style=\"margin-left: 36.0pt; line-height: 19.8pt;\"><span lang=\"DE\" style=\"font-family: 'Helvetica',sans-serif; color: #444444;\">Der S\u00e4uregrad betr\u00e4gt 0,17 %.<\/span><\/p>\n<\/div><\/div><footer class=\"entry-footer\"><\/footer><\/article><div class=\"iconlist-timeline\"><\/div><\/li>\n<li><div class='iconlist_icon av-li3el-20f9d78500f7bac1e7611a04d819af3d avia-font-entypo-fontello avia-iconfont avia-font-entypo-fontello'><span class='av-icon-char' data-av_icon='\ue812' data-av_iconfont='entypo-fontello' aria-hidden=\"true\"><\/span><\/div><article class=\"article-icon-entry \"  itemscope=\"itemscope\" itemtype=\"https:\/\/schema.org\/CreativeWork\" ><div class=\"iconlist_content_wrap\"><header class=\"entry-content-header\" aria-label=\"Icon: &lt;strong&gt;Peroxidzahl&lt;\/strong&gt;\"><div class='av_iconlist_title iconlist_title_small  av_inherit_color'  itemprop=\"headline\" >&lt;strong&gt;Peroxidzahl&lt;\/strong&gt;<\/div><\/header><div class='iconlist_content '  itemprop=\"text\" ><p style=\"margin-left: 36.0pt; line-height: 19.8pt;\"><span lang=\"DE\" style=\"font-family: 'Helvetica',sans-serif; color: #444444;\">9 mmol\/kg \u00d6l<\/span><\/p>\n<\/div><\/div><footer class=\"entry-footer\"><\/footer><\/article><div class=\"iconlist-timeline\"><\/div><\/li>\n<li><div class='iconlist_icon av-e0ui5-24984bd5b6a3fc53479282099da58130 avia-font-entypo-fontello avia-iconfont avia-font-entypo-fontello'><span class='av-icon-char' data-av_icon='\ue812' data-av_iconfont='entypo-fontello' aria-hidden=\"true\"><\/span><\/div><article class=\"article-icon-entry \"  itemscope=\"itemscope\" itemtype=\"https:\/\/schema.org\/CreativeWork\" ><div class=\"iconlist_content_wrap\"><header class=\"entry-content-header\" aria-label=\"Icon: &lt;strong&gt;Absorptionen&lt;\/strong&gt;\"><div class='av_iconlist_title iconlist_title_small  av_inherit_color'  itemprop=\"headline\" >&lt;strong&gt;Absorptionen&lt;\/strong&gt;<\/div><\/header><div class='iconlist_content '  itemprop=\"text\" ><p style=\"margin-left: 35.45pt; line-height: 19.8pt;\"><span lang=\"DE\" style=\"font-family: 'Helvetica',sans-serif; color: #444444;\">K270: 0,17<br \/>\nK232: 2,23<br \/>\nDelta-K: 0,001<\/span><\/p>\n<\/div><\/div><footer class=\"entry-footer\"><\/footer><\/article><div class=\"iconlist-timeline\"><\/div><\/li>\n<li><div class='iconlist_icon av-8w41h-4c1d221793dcb3f76e90a6362b149e4b avia-font-entypo-fontello avia-iconfont avia-font-entypo-fontello'><span class='av-icon-char' data-av_icon='\ue812' data-av_iconfont='entypo-fontello' aria-hidden=\"true\"><\/span><\/div><article class=\"article-icon-entry \"  itemscope=\"itemscope\" itemtype=\"https:\/\/schema.org\/CreativeWork\" ><div class=\"iconlist_content_wrap\"><header class=\"entry-content-header\" aria-label=\"Icon: &lt;strong&gt;Verkostungsnotiz&lt;\/strong&gt;\"><div class='av_iconlist_title iconlist_title_small  av_inherit_color'  itemprop=\"headline\" >&lt;strong&gt;Verkostungsnotiz&lt;\/strong&gt;<\/div><\/header><div class='iconlist_content '  itemprop=\"text\" ><p style=\"margin-left: 36.0pt; line-height: 19.8pt;\"><span lang=\"DE\" style=\"font-family: 'Helvetica',sans-serif; color: #444444;\">Natives Oliven\u00f6l extra, intensiv gr\u00fcn-fruchtig; mit Noten von frisch geschnittenen Pflanzen, samtigen Noten von reifen Tropenfr\u00fcchten und ausgepr\u00e4gten balsamischen Noten. Am Gaumen ist es bitter, mittelw\u00fcrzig und von ausgepr\u00e4gter Adstringenz und f\u00fchrt deshalb zu einem frischen, leichten, einh\u00fcllenden und sehr langen Abgang mit fast zuckers\u00fc\u00dfen Empfindungen.<\/span><\/p>\n<\/div><\/div><footer class=\"entry-footer\"><\/footer><\/article><div class=\"iconlist-timeline\"><\/div><\/li>\n<li><div class='iconlist_icon av-8w41h-1-fb582285bf77615aee8b55efe7ca2793 avia-font-entypo-fontello avia-iconfont avia-font-entypo-fontello'><span class='av-icon-char' data-av_icon='\ue812' data-av_iconfont='entypo-fontello' aria-hidden=\"true\"><\/span><\/div><article class=\"article-icon-entry \"  itemscope=\"itemscope\" itemtype=\"https:\/\/schema.org\/CreativeWork\" ><div class=\"iconlist_content_wrap\"><header class=\"entry-content-header\" aria-label=\"Icon: &lt;strong&gt;N\u00e4hrwerttabelle&lt;\/strong&gt;\"><div class='av_iconlist_title iconlist_title_small  av_inherit_color'  itemprop=\"headline\" >&lt;strong&gt;N\u00e4hrwerttabelle&lt;\/strong&gt;<\/div><\/header><div class='iconlist_content '  itemprop=\"text\" ><p><img loading=\"lazy\" decoding=\"async\" class=\"alignnone size-medium wp-image-1473\" src=\"https:\/\/mustiguillocoorporat2939.live-website.com\/wp-content\/uploads\/2022\/05\/FINCA-CALVESTRA-Tabla-Nutricional-300x251.png\" alt=\"\" width=\"300\" height=\"251\" srcset=\"https:\/\/bodegamustiguillo.com\/wp-content\/uploads\/2022\/05\/FINCA-CALVESTRA-Tabla-Nutricional-300x251.png 300w, https:\/\/bodegamustiguillo.com\/wp-content\/uploads\/2022\/05\/FINCA-CALVESTRA-Tabla-Nutricional.png 346w\" sizes=\"auto, (max-width: 300px) 100vw, 300px\" \/><\/p>\n<\/div><\/div><footer class=\"entry-footer\"><\/footer><\/article><div class=\"iconlist-timeline\"><\/div><\/li>\n<\/ul><\/div><\/div><\/div><\/div><\/div><!-- close content main div --><\/div><\/div><div id='after_section_2'  class='main_color av_default_container_wrap container_wrap sidebar_right'  ><div class='container av-section-cont-open' ><div class='template-page content  av-content-small alpha units'><div class='post-entry post-entry-type-page post-entry-1569'><div class='entry-content-wrapper clearfix'>\n","protected":false},"excerpt":{"rendered":"","protected":false},"author":1,"featured_media":0,"parent":1576,"menu_order":0,"comment_status":"closed","ping_status":"closed","template":"","meta":{"om_disable_all_campaigns":false,"_monsterinsights_skip_tracking":false,"_monsterinsights_sitenote_active":false,"_monsterinsights_sitenote_note":"","_monsterinsights_sitenote_category":0,"footnotes":""},"class_list":["post-1569","page","type-page","status-publish","hentry"],"aioseo_notices":[],"_links":{"self":[{"href":"https:\/\/bodegamustiguillo.com\/de\/wp-json\/wp\/v2\/pages\/1569","targetHints":{"allow":["GET"]}}],"collection":[{"href":"https:\/\/bodegamustiguillo.com\/de\/wp-json\/wp\/v2\/pages"}],"about":[{"href":"https:\/\/bodegamustiguillo.com\/de\/wp-json\/wp\/v2\/types\/page"}],"author":[{"embeddable":true,"href":"https:\/\/bodegamustiguillo.com\/de\/wp-json\/wp\/v2\/users\/1"}],"replies":[{"embeddable":true,"href":"https:\/\/bodegamustiguillo.com\/de\/wp-json\/wp\/v2\/comments?post=1569"}],"version-history":[{"count":8,"href":"https:\/\/bodegamustiguillo.com\/de\/wp-json\/wp\/v2\/pages\/1569\/revisions"}],"predecessor-version":[{"id":2001,"href":"https:\/\/bodegamustiguillo.com\/de\/wp-json\/wp\/v2\/pages\/1569\/revisions\/2001"}],"up":[{"embeddable":true,"href":"https:\/\/bodegamustiguillo.com\/de\/wp-json\/wp\/v2\/pages\/1576"}],"wp:attachment":[{"href":"https:\/\/bodegamustiguillo.com\/de\/wp-json\/wp\/v2\/media?parent=1569"}],"curies":[{"name":"wp","href":"https:\/\/api.w.org\/{rel}","templated":true}]}}