{"id":1474,"date":"2022-05-11T09:47:28","date_gmt":"2022-05-11T07:47:28","guid":{"rendered":"https:\/\/mustiguillocoorporat2939.live-website.com\/rechtlicher-hinweis\/"},"modified":"2022-05-12T14:09:36","modified_gmt":"2022-05-12T12:09:36","slug":"rechtlicher-hinweis","status":"publish","type":"page","link":"https:\/\/bodegamustiguillo.com\/de\/rechtlicher-hinweis\/","title":{"rendered":"Rechtlicher Hinweis"},"content":{"rendered":"<\/p>\n<section  class='av_textblock_section av-ktlh2ihb-c557c66433052a761463ed3a7522d1d0 '   itemscope=\"itemscope\" itemtype=\"https:\/\/schema.org\/CreativeWork\" ><div class='avia_textblock'  itemprop=\"text\" ><h2>RECHTLICHER HINWEIS<\/h2>\n<h2>Identifizierung und Inhaberschaft<\/h2>\n<p>Gem\u00e4\u00df Artikel 10 des spanischen Gesetzes 34\/2002 vom 11. Juli 2002 \u00fcber die Dienste der Informationsgesellschaft und den elektronischen Gesch\u00e4ftsverkehr ver\u00f6ffentlicht der Inhaber seine Kenndaten.<\/p>\n<ul>\n<li><strong>Inhaber: <\/strong>Bodega Mustiguillo SA<\/li>\n<li><strong>Eingetragen im <\/strong>Handelsregister Valencia. Band 6.135, Buch 3.441, Blatt 133, Abschnitt 8, Blatt V-61.547.<\/li>\n<li><strong>USt-ID: <\/strong>A96782016<\/li>\n<li><strong>Adresse: <\/strong>Carretera Nacional 330 (KM 195) Utiel (46300) Valencia (Spanien)<\/li>\n<li><strong>E-Mail-Adresse: <\/strong>info@mustiguillocoorporat2939.live-website.com<\/li>\n<li><strong>Website<\/strong>: <a href=\"https:\/\/mustiguillocoorporat2939.live-website.com\/de\/\">com<\/a><\/li>\n<\/ul>\n<h2>Zweck<\/h2>\n<p>Die Website dient dazu, den BenutzerInnen Informationen \u00fcber uns zu \u00fcbermitteln: wer wir sind, wie wir arbeiten und welche Werte wir pflegen. Dar\u00fcber hinaus k\u00f6nnen die BenutzerInnen auf dieser Website auch Eintrittskarten f\u00fcr den Besuch des Weinguts erwerben.<\/p>\n<h2>Nutzungsbedingungen<\/h2>\n<p>Die Nutzung der Website macht Sie zu BenutzerInnen und setzt die vollst\u00e4ndige Annahme aller auf den Seiten enthaltenen Klauseln und Nutzungsbedingungen voraus:<\/p>\n<ul>\n<li>Rechtlicher Hinweis<\/li>\n<li>Datenschutzhinweis<\/li>\n<li>Cookie-Hinweis<\/li>\n<\/ul>\n<p>Sollten Sie nicht mit allen diesen Bedingungen einverstanden sein, benutzen Sie diese Website bitte nicht.<\/p>\n<p>Der Zugriff auf die Website setzt keinesfalls die Aufnahme einer Gesch\u00e4ftsbeziehung mit dem Inhaber voraus.<\/p>\n<p>\u00dcber diese Website erm\u00f6glicht Ihnen der Inhaber den Zugang zu und die Nutzung von verschiedenen Inhalten, die der Inhaber oder seine Mitarbeiter im Internet ver\u00f6ffentlicht haben.<\/p>\n<p>In diesem Sinne verpflichten Sie sich, die Inhalte der Website NICHT f\u00fcr unerlaubte Zwecke zu nutzen, die in den vorliegenden rechtlichen Hinweisen oder durch die geltende Gesetzgebung verboten sind, die Rechte und Interessen Dritter verletzen oder in irgendeiner Weise den Inhalt, die IT-Systeme oder die Dokumente, Dateien und alle Arten von Inhalten, die auf einem IT-System des Inhabers, anderer BenutzerInnen oder anderer InternetnutzerInnen gespeichert sind oder von ihnen in Auftrag gegeben wurde, besch\u00e4digen, deaktivieren, \u00fcberlasten, beeintr\u00e4chtigen oder deren normale Nutzung verhindern k\u00f6nnen.<\/p>\n<h2>Sicherheitsma\u00dfnahmen<\/h2>\n<p>Die dem Inhaber \u00fcbermittelten personenbezogenen Daten k\u00f6nnen in automatisierten oder nicht automatisierten Datenbanken gespeichert werden, deren Eigent\u00fcmer ausschlie\u00dflich der Inhaber ist. Dieser ergreift alle technischen, organisatorischen und sicherheitstechnischen Ma\u00dfnahmen, um die Vertraulichkeit, Integrit\u00e4t und Qualit\u00e4t der darin enthaltenen Informationen gem\u00e4\u00df den Bestimmungen der geltenden Datenschutzgesetze zu gew\u00e4hrleisten.<\/p>\n<p>Sie sollten sich jedoch dar\u00fcber im Klaren sein, dass die Sicherheitsvorkehrungen von IT-Systemen im Internet nicht v\u00f6llig zuverl\u00e4ssig sind und dass der Inhaber daher nicht garantieren kann, dass keine Viren oder andere Elemente vorhanden sind, die Ver\u00e4nderungen in den IT-Systemen (Software und Hardware) der BenutzerInnen oder den darin enthaltenen elektronischen Dokumenten und Dateien verursachen k\u00f6nnen. Dessen ungeachtet unternimmt der Inhaber alle erdenklichen Anstrengungen und ergreift die notwendigen Sicherheitsma\u00dfnahmen, um solche sch\u00e4dlichen Elemente zu vermeiden.<\/p>\n<h2>Personenbezogene Daten<\/h2>\n<p>Sie k\u00f6nnen alle Informationen \u00fcber die Verarbeitung der vom Inhaber erfassten personenbezogenen Daten auf der Seite \u201eDatenschutzhinweis\u201c einsehen.<\/p>\n<h2>Inhalte<\/h2>\n<p>Der Inhaber hat die auf der Website enthaltenen Informationen, Multimedia-Inhalte und Materialien aus Quellen bezogen, die er f\u00fcr zuverl\u00e4ssig h\u00e4lt. Auch wenn er alle angemessenen Schritte unternommen hat, um sicherzustellen, dass die enthaltenen Informationen korrekt sind, haftet der Inhaber nicht f\u00fcr deren Richtigkeit, Vollst\u00e4ndigkeit oder Aktualit\u00e4t. Der Inhaber lehnt ausdr\u00fccklich jede Haftung f\u00fcr Fehler oder Auslassungen in den Informationen auf den Seiten dieser Website ab.<\/p>\n<p>Es ist verboten, \u00fcber die Website illegale oder unzul\u00e4ssige Inhalte, Computerviren oder Nachrichten zu \u00fcbermitteln oder zu versenden, die generell die Rechte des Inhabers oder Dritter beeintr\u00e4chtigen oder verletzen.<\/p>\n<p>Der Inhalt der Website dient ausschlie\u00dflich zu Informationszwecken und darf keinesfalls als Verkaufsangebot, als Kaufaufforderung oder als Empfehlung zum Abschluss einer anderen Transaktion verwendet oder betrachtet werden, sofern dies nicht ausdr\u00fccklich angegeben ist.<\/p>\n<p>Der Inhaber beh\u00e4lt sich das Recht vor, den Inhalt der Website, die Links oder die \u00fcber die Website erfassten Informationen ohne Vorank\u00fcndigung zu \u00e4ndern, auszusetzen, zu l\u00f6schen oder einzuschr\u00e4nken.<\/p>\n<p>Der Inhaber haftet nicht f\u00fcr Sch\u00e4den, die aus der Nutzung der Informationen auf der Website oder in den sozialen Netzwerken des Inhabers entstehen k\u00f6nnten.<\/p>\n<h2>Cookie-Hinweis<\/h2>\n<p>Auf der Seite \u201eCookie-Hinweis\u201c k\u00f6nnen Sie alle Informationen \u00fcber die Erfassung und Verarbeitung von Cookies einsehen.<\/p>\n<p>Der Inhaber erfasst und speichert nur folgende Informationen \u00fcber die Besucher der Website:<\/p>\n<ul>\n<li>Den Domainnamen des Anbieters (ISP) und\/oder die IP-Adresse seines Internetzugangs.<\/li>\n<li>Das Datum und die Uhrzeit des Zugriffs auf die Website.<\/li>\n<li>Die urspr\u00fcngliche Internetadresse des Links zur Website.<\/li>\n<li>Die Anzahl der t\u00e4glichen Besucher in jeder Rubrik.<\/li>\n<li>Die erhaltenen Informationen sind v\u00f6llig anonym und k\u00f6nnen keinesfalls mit bestimmten, identifizierten BenutzerInnen in Verbindung gebracht werden.<\/li>\n<\/ul>\n<h2>N\u00fctzliche Links zu anderen Websites<\/h2>\n<p>Der Inhaber kann Ihnen \u00fcber Links den Zugang zu Websites Dritter erm\u00f6glichen, um Sie auf andere Informationsquellen im Internet hinzuweisen, wo Sie weitere Informationen \u00fcber die Website finden k\u00f6nnen.<\/p>\n<p>Diese Links zu anderen Websites sind keinerlei Vorschlag oder Empfehlung f\u00fcr Sie, die verlinkten Websites zu besuchen, die au\u00dferhalb der Kontrolle des Inhabers liegen. Daher haftet der Inhaber weder f\u00fcr den Inhalt der verlinkten Websites noch das Ergebnis, das Sie erzielen, wenn Sie den Links folgen.<\/p>\n<p>Der Inhaber haftet ebenfalls nicht f\u00fcr die Links oder Verkn\u00fcpfungen auf den verlinkten Websites, zu denen er Zugang gew\u00e4hrt.<\/p>\n<p>Die Einrichtung des Links impliziert weder eine Beziehung zwischen dem Inhaber und dem Eigent\u00fcmer der Website, auf der der Link eingerichtet ist, noch die Annahme oder Billigung deren Inhalte oder Dienstleistungen durch den Inhaber.<\/p>\n<p>Wenn Sie \u00fcber einen Link auf unserer Website auf eine externe Website zugreifen, sollten Sie die Datenschutzrichtlinien der anderen Website lesen; diese k\u00f6nnen von denen unserer Website abweichen.<\/p>\n<h2>Geistiges und gewerbliches Eigentum<\/h2>\n<p>Alle Rechte vorbehalten.<\/p>\n<p>Jeder Zugang zu dieser Website unterliegt den folgenden Bedingungen: Die Vervielf\u00e4ltigung, die dauerhafte Speicherung und die Verbreitung der Inhalte und jede andere Verwendung f\u00fcr \u00f6ffentliche oder gewerbliche Zwecke ist ohne vorherige ausdr\u00fcckliche schriftliche Zustimmung des Inhabers ausdr\u00fccklich untersagt.<\/p>\n<h2>Haftungsbeschr\u00e4nkung<\/h2>\n<p>Die Informationen und Dienstleistungen, die auf dieser Website enthalten oder \u00fcber sie verf\u00fcgbar sind, k\u00f6nnen Ungenauigkeiten oder Schreibfehler enthalten. Der Inhaber nimmt regelm\u00e4\u00dfig Korrekturen oder \u00c4nderungen an den enthaltenen Informationen oder den Dienstleistungen vor; diese k\u00f6nnen jederzeit erfolgen.<\/p>\n<p>Der Inhaber \u00fcbernimmt keine Gew\u00e4hr daf\u00fcr, dass die Dienste oder Inhalte ununterbrochen oder fehlerfrei zur Verf\u00fcgung stehen, dass M\u00e4ngel behoben werden oder dass der Dienst oder der Server, der ihn zur Verf\u00fcgung stellt, frei von Viren oder anderen sch\u00e4dlichen Komponenten ist. Allerdings unternimmt der Inhaber alle erdenklichen Anstrengungen, um solche Vorf\u00e4lle zu vermeiden.<\/p>\n<p>Der Inhaber lehnt jede Haftung bei Unterbrechungen oder Funktionsst\u00f6rungen der Dienste oder der im Internet angebotenen Inhalte unabh\u00e4ngig von deren Ursache ab. Ebenso haftet der Inhaber nicht f\u00fcr Netzwerkausf\u00e4lle, Betriebsausf\u00e4lle infolge solcher Ausf\u00e4lle, vor\u00fcbergehende Stromausf\u00e4lle oder sonstige indirekte Sch\u00e4den, die durch Ursachen verursacht werden k\u00f6nnen, die sich dem Einfluss des Inhabers entziehen.<\/p>\n<p>Bevor Sie Entscheidungen anhand der auf der Website enthaltenen Informationen treffen oder auf deren Grundlage handeln, empfiehlt Ihnen der Inhaber, die erhaltenen Informationen mit anderen Quellen zu vergleichen.<\/p>\n<h2>Gerichtsbarkeit<\/h2>\n<p>F\u00fcr diesen rechtlichen Hinweis gilt ausschlie\u00dflich spanisches Recht.<\/p>\n<p>Vorbehaltlich anderslautender Vorschriften vereinbaren die Parteien, sich f\u00fcr alle Fragen hinsichtlich der Auslegung, Anwendung und Einhaltung des vorliegenden rechtlichen Hinweises sowie f\u00fcr alle Anspr\u00fcche aus seiner Verwendung den Gerichten der Provinz Valencia zu unterwerfen und ausdr\u00fccklich auf andere Gerichtsbarkeiten zu verzichten.<\/p>\n<h2>Kontakt<\/h2>\n<p>Bei Fragen zu diesen Bedingungen haben oder f\u00fcr Anmerkungen zu dieser Website k\u00f6nnen Sie eine Nachricht an die E-Mail-Adresse <a href=\"mailto:info@mustiguillocoorporat2939.live-website.com\">info@mustiguillocoorporat2939.live-website.com<\/a> senden.<\/p>\n<\/div><\/section>\n\n<style type=\"text\/css\" data-created_by=\"avia_inline_auto\" id=\"style-css-av-14zb3-1617f9434c431594e068a40067df4591\">\n.flex_column.av-14zb3-1617f9434c431594e068a40067df4591{\nborder-radius:0px 0px 0px 0px;\npadding:0px 0px 0px 0px;\n}\n<\/style>\n<div  class='flex_column av-14zb3-1617f9434c431594e068a40067df4591 av_one_full  avia-builder-el-1  el_after_av_textblock  avia-builder-el-last  first flex_column_div av-zero-column-padding  column-top-margin'     ><\/div>\n","protected":false},"excerpt":{"rendered":"","protected":false},"author":1,"featured_media":0,"parent":0,"menu_order":0,"comment_status":"closed","ping_status":"closed","template":"","meta":{"om_disable_all_campaigns":false,"_monsterinsights_skip_tracking":false,"_monsterinsights_sitenote_active":false,"_monsterinsights_sitenote_note":"","_monsterinsights_sitenote_category":0,"footnotes":""},"class_list":["post-1474","page","type-page","status-publish","hentry"],"aioseo_notices":[],"_links":{"self":[{"href":"https:\/\/bodegamustiguillo.com\/de\/wp-json\/wp\/v2\/pages\/1474","targetHints":{"allow":["GET"]}}],"collection":[{"href":"https:\/\/bodegamustiguillo.com\/de\/wp-json\/wp\/v2\/pages"}],"about":[{"href":"https:\/\/bodegamustiguillo.com\/de\/wp-json\/wp\/v2\/types\/page"}],"author":[{"embeddable":true,"href":"https:\/\/bodegamustiguillo.com\/de\/wp-json\/wp\/v2\/users\/1"}],"replies":[{"embeddable":true,"href":"https:\/\/bodegamustiguillo.com\/de\/wp-json\/wp\/v2\/comments?post=1474"}],"version-history":[{"count":32,"href":"https:\/\/bodegamustiguillo.com\/de\/wp-json\/wp\/v2\/pages\/1474\/revisions"}],"predecessor-version":[{"id":1936,"href":"https:\/\/bodegamustiguillo.com\/de\/wp-json\/wp\/v2\/pages\/1474\/revisions\/1936"}],"wp:attachment":[{"href":"https:\/\/bodegamustiguillo.com\/de\/wp-json\/wp\/v2\/media?parent=1474"}],"curies":[{"name":"wp","href":"https:\/\/api.w.org\/{rel}","templated":true}]}}